{"id":1146,"date":"2022-03-29T12:54:48","date_gmt":"2022-03-29T09:54:48","guid":{"rendered":"https:\/\/www.graniittiservices.fi\/?page_id=1146"},"modified":"2024-11-01T10:48:21","modified_gmt":"2024-11-01T08:48:21","slug":"katja-koivu-pirhonen","status":"publish","type":"page","link":"https:\/\/www.graniittiservices.fi\/en\/katja-koivu-pirhonen\/","title":{"rendered":"Katja Koivu-Pirhonen"},"content":{"rendered":"<div data-elementor-type=\"wp-page\" data-elementor-id=\"1146\" class=\"elementor elementor-1146\" data-elementor-post-type=\"page\">\n\t\t\t\t\t\t<section data-particle_enable=\"false\" data-particle-mobile-disabled=\"false\" class=\"elementor-section elementor-top-section elementor-element elementor-element-957d45d elementor-section-boxed elementor-section-height-default elementor-section-height-default\" data-id=\"957d45d\" data-element_type=\"section\" data-e-type=\"section\">\n\t\t\t\t\t\t<div class=\"elementor-container elementor-column-gap-default\">\n\t\t\t\t\t<div class=\"elementor-column elementor-col-100 elementor-top-column elementor-element elementor-element-e20f05e\" data-id=\"e20f05e\" data-element_type=\"column\" data-e-type=\"column\">\n\t\t\t<div class=\"elementor-widget-wrap elementor-element-populated\">\n\t\t\t\t\t\t<div class=\"elementor-element elementor-element-f3d8420 elementor-widget elementor-widget-button\" data-id=\"f3d8420\" data-element_type=\"widget\" data-e-type=\"widget\" data-widget_type=\"button.default\">\n\t\t\t\t<div class=\"elementor-widget-container\">\n\t\t\t\t\t\t\t\t\t<div class=\"elementor-button-wrapper\">\n\t\t\t\t\t<a class=\"elementor-button elementor-button-link elementor-size-sm\" href=\"https:\/\/www.graniittiservices.fi\/en\/asiantuntijamme\/\">\n\t\t\t\t\t\t<span class=\"elementor-button-content-wrapper\">\n\t\t\t\t\t\t<span class=\"elementor-button-icon\">\n\t\t\t\t<svg xmlns=\"http:\/\/www.w3.org\/2000\/svg\" xmlns:xlink=\"http:\/\/www.w3.org\/1999\/xlink\" width=\"256px\" height=\"256px\" viewbox=\"0 0 32 32\" fill=\"#000000\"><g id=\"SVGRepo_bgCarrier\" stroke-width=\"0\"><\/g><g id=\"SVGRepo_tracerCarrier\" stroke-linecap=\"round\" stroke-linejoin=\"round\"><\/g><g id=\"SVGRepo_iconCarrier\"><g id=\"icomoon-ignore\"> <\/g><path d=\"M12.792 15.233l-0.754 0.754 6.035 6.035 0.754-0.754-5.281-5.281 5.256-5.256-0.754-0.754-3.013 3.013z\" fill=\"#000000\"> <\/path><\/g><\/svg>\t\t\t<\/span>\n\t\t\t\t\t\t\t\t\t<span class=\"elementor-button-text\">People<\/span>\n\t\t\t\t\t<\/span>\n\t\t\t\t\t<\/a>\n\t\t\t\t<\/div>\n\t\t\t\t\t\t\t\t<\/div>\n\t\t\t\t<\/div>\n\t\t\t\t\t<\/div>\n\t\t<\/div>\n\t\t\t\t\t<\/div>\n\t\t<\/section>\n\t\t\t\t<section data-particle_enable=\"false\" data-particle-mobile-disabled=\"false\" class=\"elementor-section elementor-top-section elementor-element elementor-element-1411b94 elementor-section-content-middle elementor-section-boxed elementor-section-height-default elementor-section-height-default\" data-id=\"1411b94\" data-element_type=\"section\" data-e-type=\"section\" data-settings=\"{&quot;background_background&quot;:&quot;classic&quot;}\">\n\t\t\t\t\t\t<div class=\"elementor-container elementor-column-gap-extended\">\n\t\t\t\t\t<div class=\"elementor-column elementor-col-50 elementor-top-column elementor-element elementor-element-1944b13\" data-id=\"1944b13\" data-element_type=\"column\" data-e-type=\"column\">\n\t\t\t<div class=\"elementor-widget-wrap elementor-element-populated\">\n\t\t\t\t\t\t<div class=\"elementor-element elementor-element-24cdfe7 elementor-widget elementor-widget-image\" data-id=\"24cdfe7\" data-element_type=\"widget\" data-e-type=\"widget\" data-widget_type=\"image.default\">\n\t\t\t\t<div class=\"elementor-widget-container\">\n\t\t\t\t\t\t\t\t\t\t\t\t\t\t\t<img decoding=\"async\" width=\"733\" height=\"1024\" src=\"https:\/\/www.graniittiservices.fi\/wp-content\/uploads\/2024\/06\/ND7A3312-Edit-scaled-e1718093566772-733x1024.jpg\" class=\"attachment-large size-large wp-image-13956\" alt=\"Katja Koivu-Pirhonen | Kokenut hanke- ja projektip\u00e4\u00e4llikk\u00f6 Sovelluskehitys- ja transitioprojektit, Ketter\u00e4t roolit\" srcset=\"https:\/\/www.graniittiservices.fi\/wp-content\/uploads\/2024\/06\/ND7A3312-Edit-scaled-e1718093566772-733x1024.jpg 733w, https:\/\/www.graniittiservices.fi\/wp-content\/uploads\/2024\/06\/ND7A3312-Edit-scaled-e1718093566772-215x300.jpg 215w, https:\/\/www.graniittiservices.fi\/wp-content\/uploads\/2024\/06\/ND7A3312-Edit-scaled-e1718093566772-768x1072.jpg 768w, https:\/\/www.graniittiservices.fi\/wp-content\/uploads\/2024\/06\/ND7A3312-Edit-scaled-e1718093566772-1100x1536.jpg 1100w, https:\/\/www.graniittiservices.fi\/wp-content\/uploads\/2024\/06\/ND7A3312-Edit-scaled-e1718093566772-1467x2048.jpg 1467w, https:\/\/www.graniittiservices.fi\/wp-content\/uploads\/2024\/06\/ND7A3312-Edit-scaled-e1718093566772-9x12.jpg 9w, https:\/\/www.graniittiservices.fi\/wp-content\/uploads\/2024\/06\/ND7A3312-Edit-scaled-e1718093566772-17x24.jpg 17w, https:\/\/www.graniittiservices.fi\/wp-content\/uploads\/2024\/06\/ND7A3312-Edit-scaled-e1718093566772-26x36.jpg 26w, https:\/\/www.graniittiservices.fi\/wp-content\/uploads\/2024\/06\/ND7A3312-Edit-scaled-e1718093566772-34x48.jpg 34w, https:\/\/www.graniittiservices.fi\/wp-content\/uploads\/2024\/06\/ND7A3312-Edit-scaled-e1718093566772.jpg 1704w\" sizes=\"(max-width: 733px) 100vw, 733px\" \/>\t\t\t\t\t\t\t\t\t\t\t\t\t\t\t<\/div>\n\t\t\t\t<\/div>\n\t\t\t\t\t<\/div>\n\t\t<\/div>\n\t\t\t\t<div class=\"elementor-column elementor-col-50 elementor-top-column elementor-element elementor-element-40199e6\" data-id=\"40199e6\" data-element_type=\"column\" data-e-type=\"column\">\n\t\t\t<div class=\"elementor-widget-wrap elementor-element-populated\">\n\t\t\t\t\t\t<div class=\"elementor-element elementor-element-422563b animated-slow elementor-invisible elementor-widget elementor-widget-heading\" data-id=\"422563b\" data-element_type=\"widget\" data-e-type=\"widget\" data-settings=\"{&quot;_animation&quot;:&quot;fadeIn&quot;}\" data-widget_type=\"heading.default\">\n\t\t\t\t<div class=\"elementor-widget-container\">\n\t\t\t\t\t<h1 class=\"elementor-heading-title elementor-size-default\">Katja Koivu-Pirhonen<\/h1>\t\t\t\t<\/div>\n\t\t\t\t<\/div>\n\t\t\t\t<div class=\"elementor-element elementor-element-32cde6d animated-slow elementor-invisible elementor-widget elementor-widget-heading\" data-id=\"32cde6d\" data-element_type=\"widget\" data-e-type=\"widget\" data-settings=\"{&quot;_animation&quot;:&quot;fadeIn&quot;}\" data-widget_type=\"heading.default\">\n\t\t\t\t<div class=\"elementor-widget-container\">\n\t\t\t\t\t<h3 class=\"elementor-heading-title elementor-size-default\">Experienced project and program manager<br>\n\nApplication development and transition projects, Agile roles<\/h3>\t\t\t\t<\/div>\n\t\t\t\t<\/div>\n\t\t\t\t<div class=\"elementor-element elementor-element-e20facd elementor-align-left elementor-mobile-align-left elementor-widget-mobile__width-initial elementor-widget elementor-widget-button\" data-id=\"e20facd\" data-element_type=\"widget\" data-e-type=\"widget\" data-widget_type=\"button.default\">\n\t\t\t\t<div class=\"elementor-widget-container\">\n\t\t\t\t\t\t\t\t\t<div class=\"elementor-button-wrapper\">\n\t\t\t\t\t<a class=\"elementor-button elementor-button-link elementor-size-sm\" href=\"mailto:katja.koivu-pirhonen@graniittiservices.fi\">\n\t\t\t\t\t\t<span class=\"elementor-button-content-wrapper\">\n\t\t\t\t\t\t\t\t\t<span class=\"elementor-button-text\">katja.koivu-pirhonen@graniittiservices.fi<\/span>\n\t\t\t\t\t<\/span>\n\t\t\t\t\t<\/a>\n\t\t\t\t<\/div>\n\t\t\t\t\t\t\t\t<\/div>\n\t\t\t\t<\/div>\n\t\t\t\t<div class=\"elementor-element elementor-element-10c2558 elementor-align-left elementor-widget elementor-widget-button\" data-id=\"10c2558\" data-element_type=\"widget\" data-e-type=\"widget\" data-widget_type=\"button.default\">\n\t\t\t\t<div class=\"elementor-widget-container\">\n\t\t\t\t\t\t\t\t\t<div class=\"elementor-button-wrapper\">\n\t\t\t\t\t<a class=\"elementor-button elementor-button-link elementor-size-sm\" href=\"tel:+358%2044%20366%206832\">\n\t\t\t\t\t\t<span class=\"elementor-button-content-wrapper\">\n\t\t\t\t\t\t\t\t\t<span class=\"elementor-button-text\">+358 44 366 6832<\/span>\n\t\t\t\t\t<\/span>\n\t\t\t\t\t<\/a>\n\t\t\t\t<\/div>\n\t\t\t\t\t\t\t\t<\/div>\n\t\t\t\t<\/div>\n\t\t\t\t<div class=\"elementor-element elementor-element-07c5309 elementor-align-left elementor-widget elementor-widget-button\" data-id=\"07c5309\" data-element_type=\"widget\" data-e-type=\"widget\" data-widget_type=\"button.default\">\n\t\t\t\t<div class=\"elementor-widget-container\">\n\t\t\t\t\t\t\t\t\t<div class=\"elementor-button-wrapper\">\n\t\t\t\t\t<a class=\"elementor-button elementor-button-link elementor-size-sm\" href=\"http:\/\/linkedin.com\/in\/katjakoivu\/\">\n\t\t\t\t\t\t<span class=\"elementor-button-content-wrapper\">\n\t\t\t\t\t\t<span class=\"elementor-button-icon\">\n\t\t\t\t<svg aria-hidden=\"true\" class=\"e-font-icon-svg e-fab-linkedin-in\" viewbox=\"0 0 448 512\" xmlns=\"http:\/\/www.w3.org\/2000\/svg\"><path d=\"M100.28 448H7.4V148.9h92.88zM53.79 108.1C24.09 108.1 0 83.5 0 53.8a53.79 53.79 0 0 1 107.58 0c0 29.7-24.1 54.3-53.79 54.3zM447.9 448h-92.68V302.4c0-34.7-.7-79.2-48.29-79.2-48.29 0-55.69 37.7-55.69 76.7V448h-92.78V148.9h89.08v40.8h1.3c12.4-23.5 42.69-48.3 87.88-48.3 94 0 111.28 61.9 111.28 142.3V448z\"><\/path><\/svg>\t\t\t<\/span>\n\t\t\t\t\t\t\t\t\t<span class=\"elementor-button-text\">LinkedIn<\/span>\n\t\t\t\t\t<\/span>\n\t\t\t\t\t<\/a>\n\t\t\t\t<\/div>\n\t\t\t\t\t\t\t\t<\/div>\n\t\t\t\t<\/div>\n\t\t\t\t<div class=\"elementor-element elementor-element-6803bfe1 elementor-widget elementor-widget-text-editor\" data-id=\"6803bfe1\" data-element_type=\"widget\" data-e-type=\"widget\" data-widget_type=\"text-editor.default\">\n\t\t\t\t<div class=\"elementor-widget-container\">\n\t\t\t\t\t\t\t\t\t<p class=\"bio-text-align\">I am a positive, energetic and accurate project management professional. I have extensive experience in different industries and different technologies and I am not afraid to take on challenges. I have hands-on experience managing large-scale projects in a multicultural and multi-editor environment as well as managing people through supervisors. My strengths are understanding and communicating with different parties and the need to complete tasks.<\/p><p class=\"bio-text-align\">I have been involved in several projects developing new services using agile methods, taking the systems made into production and integrating the systems together.<\/p><p class=\"bio-text-align\">I have also led the project management profession in a large international company, mentoring and developing the project management community.\u00a0<\/p>\t\t\t\t\t\t\t\t<\/div>\n\t\t\t\t<\/div>\n\t\t\t\t<div class=\"elementor-element elementor-element-2ca0bf7 animated-slow elementor-invisible elementor-widget elementor-widget-heading\" data-id=\"2ca0bf7\" data-element_type=\"widget\" data-e-type=\"widget\" data-settings=\"{&quot;_animation&quot;:&quot;fadeIn&quot;}\" data-widget_type=\"heading.default\">\n\t\t\t\t<div class=\"elementor-widget-container\">\n\t\t\t\t\t<h2 class=\"elementor-heading-title elementor-size-default\">Key competencies:<\/h2>\t\t\t\t<\/div>\n\t\t\t\t<\/div>\n\t\t\t\t<section data-particle_enable=\"false\" data-particle-mobile-disabled=\"false\" class=\"elementor-section elementor-inner-section elementor-element elementor-element-6a1fbcf elementor-section-boxed elementor-section-height-default elementor-section-height-default\" data-id=\"6a1fbcf\" data-element_type=\"section\" data-e-type=\"section\">\n\t\t\t\t\t\t<div class=\"elementor-container elementor-column-gap-default\">\n\t\t\t\t\t<div class=\"elementor-column elementor-col-50 elementor-inner-column elementor-element elementor-element-4c51ea7\" data-id=\"4c51ea7\" data-element_type=\"column\" data-e-type=\"column\">\n\t\t\t<div class=\"elementor-widget-wrap elementor-element-populated\">\n\t\t\t\t\t\t<div class=\"elementor-element elementor-element-764e824 elementor-widget__width-initial elementor-widget elementor-widget-text-editor\" data-id=\"764e824\" data-element_type=\"widget\" data-e-type=\"widget\" data-widget_type=\"text-editor.default\">\n\t\t\t\t<div class=\"elementor-widget-container\">\n\t\t\t\t\t\t\t\t\t<ul><li>Project and program management<\/li><li>Technical project management\u00a0<\/li><li>Management and supervisory work\u00a0\u00a0<\/li><li>Service management\u00a0<\/li><li>Supplier Management\u00a0<\/li><li>Leading multicultural and international teams of experts\u00a0<\/li><\/ul>\t\t\t\t\t\t\t\t<\/div>\n\t\t\t\t<\/div>\n\t\t\t\t\t<\/div>\n\t\t<\/div>\n\t\t\t\t<div class=\"elementor-column elementor-col-50 elementor-inner-column elementor-element elementor-element-9a181c9\" data-id=\"9a181c9\" data-element_type=\"column\" data-e-type=\"column\">\n\t\t\t<div class=\"elementor-widget-wrap elementor-element-populated\">\n\t\t\t\t\t\t<div class=\"elementor-element elementor-element-db679f5 elementor-widget__width-initial elementor-widget elementor-widget-text-editor\" data-id=\"db679f5\" data-element_type=\"widget\" data-e-type=\"widget\" data-widget_type=\"text-editor.default\">\n\t\t\t\t<div class=\"elementor-widget-container\">\n\t\t\t\t\t\t\t\t\t<ul><li>Integration\u00a0<\/li><li>Transition and transformation projects\u00a0<\/li><li>Deployments\u00a0<\/li><li>Multi-vendor environments\u00a0<\/li><li>Application development projects\u00a0<\/li><li>Application management services\u00a0<\/li><li>Agile\u00a0<\/li><\/ul>\t\t\t\t\t\t\t\t<\/div>\n\t\t\t\t<\/div>\n\t\t\t\t\t<\/div>\n\t\t<\/div>\n\t\t\t\t\t<\/div>\n\t\t<\/section>\n\t\t\t\t<div class=\"elementor-element elementor-element-bc418c5 elementor-widget elementor-widget-spacer\" data-id=\"bc418c5\" data-element_type=\"widget\" data-e-type=\"widget\" data-widget_type=\"spacer.default\">\n\t\t\t\t<div class=\"elementor-widget-container\">\n\t\t\t\t\t\t\t<div class=\"elementor-spacer\">\n\t\t\t<div class=\"elementor-spacer-inner\"><\/div>\n\t\t<\/div>\n\t\t\t\t\t\t<\/div>\n\t\t\t\t<\/div>\n\t\t\t\t\t<\/div>\n\t\t<\/div>\n\t\t\t\t\t<\/div>\n\t\t<\/section>\n\t\t\t\t<\/div>","protected":false},"excerpt":{"rendered":"<p>Ihmiset Katja Koivu-Pirhonen Kokenut hanke- ja projektip\u00e4\u00e4llikk\u00f6 Sovelluskehitys- ja transitioprojektit, Ketter\u00e4t roolit katja.koivu-pirhonen@graniittiservices.fi +358 44 366 6832 Linkedin Olen positiivinen, energinen ja tarkka projektinhallinnan ammattilainen. Minulla on laaja kokemus eri toimialoilta ja eri teknologioista enk\u00e4 pelk\u00e4\u00e4 tarttua haasteisiin. Minulla on k\u00e4yt\u00e4nn\u00f6n kokemusta niin laajojen projektien johtamisesta monikulttuurisessa ja monitoimittajaymp\u00e4rist\u00f6ss\u00e4 kuin henkil\u00f6johtamisesta esimiest\u00f6iden kautta. Vahvuuksiani ovat [&hellip;]<\/p>\n","protected":false},"author":6,"featured_media":0,"parent":0,"menu_order":0,"comment_status":"closed","ping_status":"closed","template":"elementor_header_footer","meta":{"_eb_attr":"","_monsterinsights_skip_tracking":false,"_monsterinsights_sitenote_active":false,"_monsterinsights_sitenote_note":"","_monsterinsights_sitenote_category":0,"footnotes":""},"class_list":["post-1146","page","type-page","status-publish","hentry"],"yoast_head":"<!-- This site is optimized with the Yoast SEO plugin v27.4 - https:\/\/yoast.com\/product\/yoast-seo-wordpress\/ -->\n<title>Katja Koivu-Pirhonen - Graniitti Services<\/title>\n<meta name=\"description\" content=\"Katja Koivu-Pirhonen-projektip\u00e4\u00e4llikk\u00f6. Olen positiivinen, energinen ja tarkka projektinhallinnan ammattilainen.\" \/>\n<meta name=\"robots\" content=\"index, follow, max-snippet:-1, max-image-preview:large, max-video-preview:-1\" \/>\n<link rel=\"canonical\" href=\"https:\/\/www.graniittiservices.fi\/en\/katja-koivu-pirhonen\/\" \/>\n<meta property=\"og:locale\" content=\"en_GB\" \/>\n<meta property=\"og:type\" content=\"article\" \/>\n<meta property=\"og:title\" content=\"Katja Koivu-Pirhonen - Graniitti Services\" \/>\n<meta property=\"og:description\" content=\"Katja Koivu-Pirhonen-projektip\u00e4\u00e4llikk\u00f6. Olen positiivinen, energinen ja tarkka projektinhallinnan ammattilainen.\" \/>\n<meta property=\"og:url\" content=\"https:\/\/www.graniittiservices.fi\/en\/katja-koivu-pirhonen\/\" \/>\n<meta property=\"og:site_name\" content=\"Graniitti Services\" \/>\n<meta property=\"article:publisher\" content=\"https:\/\/www.facebook.com\/graniittiservices\" \/>\n<meta property=\"article:modified_time\" content=\"2024-11-01T08:48:21+00:00\" \/>\n<meta property=\"og:image\" content=\"https:\/\/www.graniittiservices.fi\/wp-content\/uploads\/2024\/06\/ND7A3312-Edit-scaled-e1718093566772.jpg\" \/>\n\t<meta property=\"og:image:width\" content=\"1704\" \/>\n\t<meta property=\"og:image:height\" content=\"2379\" \/>\n\t<meta property=\"og:image:type\" content=\"image\/jpeg\" \/>\n<meta name=\"twitter:card\" content=\"summary_large_image\" \/>\n<meta name=\"twitter:label1\" content=\"Estimated reading time\" \/>\n\t<meta name=\"twitter:data1\" content=\"1 minute\" \/>\n<script type=\"application\/ld+json\" class=\"yoast-schema-graph\">{\"@context\":\"https:\\\/\\\/schema.org\",\"@graph\":[{\"@type\":\"WebPage\",\"@id\":\"https:\\\/\\\/www.graniittiservices.fi\\\/katja-koivu-pirhonen\\\/\",\"url\":\"https:\\\/\\\/www.graniittiservices.fi\\\/katja-koivu-pirhonen\\\/\",\"name\":\"Katja Koivu-Pirhonen - Graniitti Services\",\"isPartOf\":{\"@id\":\"https:\\\/\\\/www.graniittiservices.fi\\\/#website\"},\"primaryImageOfPage\":{\"@id\":\"https:\\\/\\\/www.graniittiservices.fi\\\/katja-koivu-pirhonen\\\/#primaryimage\"},\"image\":{\"@id\":\"https:\\\/\\\/www.graniittiservices.fi\\\/katja-koivu-pirhonen\\\/#primaryimage\"},\"thumbnailUrl\":\"https:\\\/\\\/www.graniittiservices.fi\\\/wp-content\\\/uploads\\\/2024\\\/06\\\/ND7A3312-Edit-scaled-e1718093566772-733x1024.jpg\",\"datePublished\":\"2022-03-29T09:54:48+00:00\",\"dateModified\":\"2024-11-01T08:48:21+00:00\",\"description\":\"Katja Koivu-Pirhonen-projektip\u00e4\u00e4llikk\u00f6. Olen positiivinen, energinen ja tarkka projektinhallinnan ammattilainen.\",\"breadcrumb\":{\"@id\":\"https:\\\/\\\/www.graniittiservices.fi\\\/katja-koivu-pirhonen\\\/#breadcrumb\"},\"inLanguage\":\"en-GB\",\"potentialAction\":[{\"@type\":\"ReadAction\",\"target\":[\"https:\\\/\\\/www.graniittiservices.fi\\\/katja-koivu-pirhonen\\\/\"]}]},{\"@type\":\"ImageObject\",\"inLanguage\":\"en-GB\",\"@id\":\"https:\\\/\\\/www.graniittiservices.fi\\\/katja-koivu-pirhonen\\\/#primaryimage\",\"url\":\"https:\\\/\\\/www.graniittiservices.fi\\\/wp-content\\\/uploads\\\/2024\\\/06\\\/ND7A3312-Edit-scaled-e1718093566772-733x1024.jpg\",\"contentUrl\":\"https:\\\/\\\/www.graniittiservices.fi\\\/wp-content\\\/uploads\\\/2024\\\/06\\\/ND7A3312-Edit-scaled-e1718093566772-733x1024.jpg\"},{\"@type\":\"BreadcrumbList\",\"@id\":\"https:\\\/\\\/www.graniittiservices.fi\\\/katja-koivu-pirhonen\\\/#breadcrumb\",\"itemListElement\":[{\"@type\":\"ListItem\",\"position\":1,\"name\":\"Etusivu\",\"item\":\"https:\\\/\\\/www.graniittiservices.fi\\\/\"},{\"@type\":\"ListItem\",\"position\":2,\"name\":\"Katja Koivu-Pirhonen\"}]},{\"@type\":\"WebSite\",\"@id\":\"https:\\\/\\\/www.graniittiservices.fi\\\/#website\",\"url\":\"https:\\\/\\\/www.graniittiservices.fi\\\/\",\"name\":\"Graniitti Services\",\"description\":\"Varmista kehityshankkeen onnistuminen\",\"publisher\":{\"@id\":\"https:\\\/\\\/www.graniittiservices.fi\\\/#organization\"},\"potentialAction\":[{\"@type\":\"SearchAction\",\"target\":{\"@type\":\"EntryPoint\",\"urlTemplate\":\"https:\\\/\\\/www.graniittiservices.fi\\\/?s={search_term_string}\"},\"query-input\":{\"@type\":\"PropertyValueSpecification\",\"valueRequired\":true,\"valueName\":\"search_term_string\"}}],\"inLanguage\":\"en-GB\"},{\"@type\":\"Organization\",\"@id\":\"https:\\\/\\\/www.graniittiservices.fi\\\/#organization\",\"name\":\"Graniitti Services\",\"url\":\"https:\\\/\\\/www.graniittiservices.fi\\\/\",\"logo\":{\"@type\":\"ImageObject\",\"inLanguage\":\"en-GB\",\"@id\":\"https:\\\/\\\/www.graniittiservices.fi\\\/#\\\/schema\\\/logo\\\/image\\\/\",\"url\":\"\",\"contentUrl\":\"\",\"caption\":\"Graniitti Services\"},\"image\":{\"@id\":\"https:\\\/\\\/www.graniittiservices.fi\\\/#\\\/schema\\\/logo\\\/image\\\/\"},\"sameAs\":[\"https:\\\/\\\/www.facebook.com\\\/graniittiservices\",\"https:\\\/\\\/www.linkedin.com\\\/company\\\/graniitti-services\"]}]}<\/script>\n<!-- \/ Yoast SEO plugin. -->","yoast_head_json":{"title":"Katja Koivu-Pirhonen - Graniitti Services","description":"Katja Koivu-Pirhonen-projektip\u00e4\u00e4llikk\u00f6. Olen positiivinen, energinen ja tarkka projektinhallinnan ammattilainen.","robots":{"index":"index","follow":"follow","max-snippet":"max-snippet:-1","max-image-preview":"max-image-preview:large","max-video-preview":"max-video-preview:-1"},"canonical":"https:\/\/www.graniittiservices.fi\/en\/katja-koivu-pirhonen\/","og_locale":"en_GB","og_type":"article","og_title":"Katja Koivu-Pirhonen - Graniitti Services","og_description":"Katja Koivu-Pirhonen-projektip\u00e4\u00e4llikk\u00f6. Olen positiivinen, energinen ja tarkka projektinhallinnan ammattilainen.","og_url":"https:\/\/www.graniittiservices.fi\/en\/katja-koivu-pirhonen\/","og_site_name":"Graniitti Services","article_publisher":"https:\/\/www.facebook.com\/graniittiservices","article_modified_time":"2024-11-01T08:48:21+00:00","og_image":[{"width":1704,"height":2379,"url":"https:\/\/www.graniittiservices.fi\/wp-content\/uploads\/2024\/06\/ND7A3312-Edit-scaled-e1718093566772.jpg","type":"image\/jpeg"}],"twitter_card":"summary_large_image","twitter_misc":{"Estimated reading time":"1 minute"},"schema":{"@context":"https:\/\/schema.org","@graph":[{"@type":"WebPage","@id":"https:\/\/www.graniittiservices.fi\/katja-koivu-pirhonen\/","url":"https:\/\/www.graniittiservices.fi\/katja-koivu-pirhonen\/","name":"Katja Koivu-Pirhonen - Graniitti Services","isPartOf":{"@id":"https:\/\/www.graniittiservices.fi\/#website"},"primaryImageOfPage":{"@id":"https:\/\/www.graniittiservices.fi\/katja-koivu-pirhonen\/#primaryimage"},"image":{"@id":"https:\/\/www.graniittiservices.fi\/katja-koivu-pirhonen\/#primaryimage"},"thumbnailUrl":"https:\/\/www.graniittiservices.fi\/wp-content\/uploads\/2024\/06\/ND7A3312-Edit-scaled-e1718093566772-733x1024.jpg","datePublished":"2022-03-29T09:54:48+00:00","dateModified":"2024-11-01T08:48:21+00:00","description":"Katja Koivu-Pirhonen-projektip\u00e4\u00e4llikk\u00f6. Olen positiivinen, energinen ja tarkka projektinhallinnan ammattilainen.","breadcrumb":{"@id":"https:\/\/www.graniittiservices.fi\/katja-koivu-pirhonen\/#breadcrumb"},"inLanguage":"en-GB","potentialAction":[{"@type":"ReadAction","target":["https:\/\/www.graniittiservices.fi\/katja-koivu-pirhonen\/"]}]},{"@type":"ImageObject","inLanguage":"en-GB","@id":"https:\/\/www.graniittiservices.fi\/katja-koivu-pirhonen\/#primaryimage","url":"https:\/\/www.graniittiservices.fi\/wp-content\/uploads\/2024\/06\/ND7A3312-Edit-scaled-e1718093566772-733x1024.jpg","contentUrl":"https:\/\/www.graniittiservices.fi\/wp-content\/uploads\/2024\/06\/ND7A3312-Edit-scaled-e1718093566772-733x1024.jpg"},{"@type":"BreadcrumbList","@id":"https:\/\/www.graniittiservices.fi\/katja-koivu-pirhonen\/#breadcrumb","itemListElement":[{"@type":"ListItem","position":1,"name":"Etusivu","item":"https:\/\/www.graniittiservices.fi\/"},{"@type":"ListItem","position":2,"name":"Katja Koivu-Pirhonen"}]},{"@type":"WebSite","@id":"https:\/\/www.graniittiservices.fi\/#website","url":"https:\/\/www.graniittiservices.fi\/","name":"Granite Services","description":"Ensure the success of the development project","publisher":{"@id":"https:\/\/www.graniittiservices.fi\/#organization"},"potentialAction":[{"@type":"SearchAction","target":{"@type":"EntryPoint","urlTemplate":"https:\/\/www.graniittiservices.fi\/?s={search_term_string}"},"query-input":{"@type":"PropertyValueSpecification","valueRequired":true,"valueName":"search_term_string"}}],"inLanguage":"en-GB"},{"@type":"Organization","@id":"https:\/\/www.graniittiservices.fi\/#organization","name":"Granite Services","url":"https:\/\/www.graniittiservices.fi\/","logo":{"@type":"ImageObject","inLanguage":"en-GB","@id":"https:\/\/www.graniittiservices.fi\/#\/schema\/logo\/image\/","url":"","contentUrl":"","caption":"Graniitti Services"},"image":{"@id":"https:\/\/www.graniittiservices.fi\/#\/schema\/logo\/image\/"},"sameAs":["https:\/\/www.facebook.com\/graniittiservices","https:\/\/www.linkedin.com\/company\/graniitti-services"]}]}},"_links":{"self":[{"href":"https:\/\/www.graniittiservices.fi\/en\/wp-json\/wp\/v2\/pages\/1146","targetHints":{"allow":["GET"]}}],"collection":[{"href":"https:\/\/www.graniittiservices.fi\/en\/wp-json\/wp\/v2\/pages"}],"about":[{"href":"https:\/\/www.graniittiservices.fi\/en\/wp-json\/wp\/v2\/types\/page"}],"author":[{"embeddable":true,"href":"https:\/\/www.graniittiservices.fi\/en\/wp-json\/wp\/v2\/users\/6"}],"replies":[{"embeddable":true,"href":"https:\/\/www.graniittiservices.fi\/en\/wp-json\/wp\/v2\/comments?post=1146"}],"version-history":[{"count":0,"href":"https:\/\/www.graniittiservices.fi\/en\/wp-json\/wp\/v2\/pages\/1146\/revisions"}],"wp:attachment":[{"href":"https:\/\/www.graniittiservices.fi\/en\/wp-json\/wp\/v2\/media?parent=1146"}],"curies":[{"name":"wp","href":"https:\/\/api.w.org\/{rel}","templated":true}]}}