{"id":1182,"date":"2022-03-29T13:04:46","date_gmt":"2022-03-29T10:04:46","guid":{"rendered":"https:\/\/www.graniittiservices.fi\/?page_id=1182"},"modified":"2024-11-01T10:50:34","modified_gmt":"2024-11-01T08:50:34","slug":"outi-penttila","status":"publish","type":"page","link":"https:\/\/www.graniittiservices.fi\/en\/outi-penttila\/","title":{"rendered":"Outi Penttil\u00e4"},"content":{"rendered":"<div data-elementor-type=\"wp-page\" data-elementor-id=\"1182\" class=\"elementor elementor-1182\" data-elementor-post-type=\"page\">\n\t\t\t\t\t\t<section data-particle_enable=\"false\" data-particle-mobile-disabled=\"false\" class=\"elementor-section elementor-top-section elementor-element elementor-element-b5aa8ce elementor-section-boxed elementor-section-height-default elementor-section-height-default\" data-id=\"b5aa8ce\" data-element_type=\"section\" data-e-type=\"section\">\n\t\t\t\t\t\t<div class=\"elementor-container elementor-column-gap-default\">\n\t\t\t\t\t<div class=\"elementor-column elementor-col-100 elementor-top-column elementor-element elementor-element-a307bd6\" data-id=\"a307bd6\" data-element_type=\"column\" data-e-type=\"column\">\n\t\t\t<div class=\"elementor-widget-wrap elementor-element-populated\">\n\t\t\t\t\t\t<div class=\"elementor-element elementor-element-9fcd913 elementor-widget elementor-widget-button\" data-id=\"9fcd913\" data-element_type=\"widget\" data-e-type=\"widget\" data-widget_type=\"button.default\">\n\t\t\t\t<div class=\"elementor-widget-container\">\n\t\t\t\t\t\t\t\t\t<div class=\"elementor-button-wrapper\">\n\t\t\t\t\t<a class=\"elementor-button elementor-button-link elementor-size-sm\" href=\"https:\/\/www.graniittiservices.fi\/en\/asiantuntijamme\/\">\n\t\t\t\t\t\t<span class=\"elementor-button-content-wrapper\">\n\t\t\t\t\t\t<span class=\"elementor-button-icon\">\n\t\t\t\t<svg xmlns=\"http:\/\/www.w3.org\/2000\/svg\" xmlns:xlink=\"http:\/\/www.w3.org\/1999\/xlink\" width=\"256px\" height=\"256px\" viewbox=\"0 0 32 32\" fill=\"#000000\"><g id=\"SVGRepo_bgCarrier\" stroke-width=\"0\"><\/g><g id=\"SVGRepo_tracerCarrier\" stroke-linecap=\"round\" stroke-linejoin=\"round\"><\/g><g id=\"SVGRepo_iconCarrier\"><g id=\"icomoon-ignore\"> <\/g><path d=\"M12.792 15.233l-0.754 0.754 6.035 6.035 0.754-0.754-5.281-5.281 5.256-5.256-0.754-0.754-3.013 3.013z\" fill=\"#000000\"> <\/path><\/g><\/svg>\t\t\t<\/span>\n\t\t\t\t\t\t\t\t\t<span class=\"elementor-button-text\">People<\/span>\n\t\t\t\t\t<\/span>\n\t\t\t\t\t<\/a>\n\t\t\t\t<\/div>\n\t\t\t\t\t\t\t\t<\/div>\n\t\t\t\t<\/div>\n\t\t\t\t\t<\/div>\n\t\t<\/div>\n\t\t\t\t\t<\/div>\n\t\t<\/section>\n\t\t\t\t<section data-particle_enable=\"false\" data-particle-mobile-disabled=\"false\" class=\"elementor-section elementor-top-section elementor-element elementor-element-f2e334c elementor-section-content-middle elementor-section-boxed elementor-section-height-default elementor-section-height-default\" data-id=\"f2e334c\" data-element_type=\"section\" data-e-type=\"section\" data-settings=\"{&quot;background_background&quot;:&quot;classic&quot;}\">\n\t\t\t\t\t\t<div class=\"elementor-container elementor-column-gap-extended\">\n\t\t\t\t\t<div class=\"elementor-column elementor-col-50 elementor-top-column elementor-element elementor-element-ae1cf5a\" data-id=\"ae1cf5a\" data-element_type=\"column\" data-e-type=\"column\">\n\t\t\t<div class=\"elementor-widget-wrap elementor-element-populated\">\n\t\t\t\t\t\t<div class=\"elementor-element elementor-element-35b8bba elementor-widget elementor-widget-image\" data-id=\"35b8bba\" data-element_type=\"widget\" data-e-type=\"widget\" data-widget_type=\"image.default\">\n\t\t\t\t<div class=\"elementor-widget-container\">\n\t\t\t\t\t\t\t\t\t\t\t\t\t\t\t<img decoding=\"async\" width=\"683\" height=\"1024\" src=\"https:\/\/www.graniittiservices.fi\/wp-content\/uploads\/2024\/06\/ND7A3134-1-683x1024.jpg\" class=\"attachment-large size-large wp-image-13999\" alt=\"Outi Penttil\u00e4 | Kokenut projekti-ja palveluhallinnan ammattilainen\" srcset=\"https:\/\/www.graniittiservices.fi\/wp-content\/uploads\/2024\/06\/ND7A3134-1-683x1024.jpg 683w, https:\/\/www.graniittiservices.fi\/wp-content\/uploads\/2024\/06\/ND7A3134-1-200x300.jpg 200w, https:\/\/www.graniittiservices.fi\/wp-content\/uploads\/2024\/06\/ND7A3134-1-768x1152.jpg 768w, https:\/\/www.graniittiservices.fi\/wp-content\/uploads\/2024\/06\/ND7A3134-1-1024x1536.jpg 1024w, https:\/\/www.graniittiservices.fi\/wp-content\/uploads\/2024\/06\/ND7A3134-1-1366x2048.jpg 1366w, https:\/\/www.graniittiservices.fi\/wp-content\/uploads\/2024\/06\/ND7A3134-1-8x12.jpg 8w, https:\/\/www.graniittiservices.fi\/wp-content\/uploads\/2024\/06\/ND7A3134-1-2000x3000.jpg 2000w, https:\/\/www.graniittiservices.fi\/wp-content\/uploads\/2024\/06\/ND7A3134-1-16x24.jpg 16w, https:\/\/www.graniittiservices.fi\/wp-content\/uploads\/2024\/06\/ND7A3134-1-24x36.jpg 24w, https:\/\/www.graniittiservices.fi\/wp-content\/uploads\/2024\/06\/ND7A3134-1-32x48.jpg 32w, https:\/\/www.graniittiservices.fi\/wp-content\/uploads\/2024\/06\/ND7A3134-1-scaled.jpg 1707w\" sizes=\"(max-width: 683px) 100vw, 683px\" \/>\t\t\t\t\t\t\t\t\t\t\t\t\t\t\t<\/div>\n\t\t\t\t<\/div>\n\t\t\t\t\t<\/div>\n\t\t<\/div>\n\t\t\t\t<div class=\"elementor-column elementor-col-50 elementor-top-column elementor-element elementor-element-9608344\" data-id=\"9608344\" data-element_type=\"column\" data-e-type=\"column\">\n\t\t\t<div class=\"elementor-widget-wrap elementor-element-populated\">\n\t\t\t\t\t\t<div class=\"elementor-element elementor-element-88e577a animated-slow elementor-invisible elementor-widget elementor-widget-heading\" data-id=\"88e577a\" data-element_type=\"widget\" data-e-type=\"widget\" data-settings=\"{&quot;_animation&quot;:&quot;fadeIn&quot;}\" data-widget_type=\"heading.default\">\n\t\t\t\t<div class=\"elementor-widget-container\">\n\t\t\t\t\t<h1 class=\"elementor-heading-title elementor-size-default\">Outi Penttil\u00e4<\/h1>\t\t\t\t<\/div>\n\t\t\t\t<\/div>\n\t\t\t\t<div class=\"elementor-element elementor-element-16bb188 animated-slow elementor-invisible elementor-widget elementor-widget-heading\" data-id=\"16bb188\" data-element_type=\"widget\" data-e-type=\"widget\" data-settings=\"{&quot;_animation&quot;:&quot;fadeIn&quot;}\" data-widget_type=\"heading.default\">\n\t\t\t\t<div class=\"elementor-widget-container\">\n\t\t\t\t\t<h3 class=\"elementor-heading-title elementor-size-default\">Experienced project and service management professional <\/h3>\t\t\t\t<\/div>\n\t\t\t\t<\/div>\n\t\t\t\t<div class=\"elementor-element elementor-element-43e2f1f elementor-align-left elementor-widget elementor-widget-button\" data-id=\"43e2f1f\" data-element_type=\"widget\" data-e-type=\"widget\" data-widget_type=\"button.default\">\n\t\t\t\t<div class=\"elementor-widget-container\">\n\t\t\t\t\t\t\t\t\t<div class=\"elementor-button-wrapper\">\n\t\t\t\t\t<a class=\"elementor-button elementor-button-link elementor-size-sm\" href=\"mailto:outi.penttila@graniittiservices.fi\">\n\t\t\t\t\t\t<span class=\"elementor-button-content-wrapper\">\n\t\t\t\t\t\t\t\t\t<span class=\"elementor-button-text\">outi.penttila@graniittiservices.fi<\/span>\n\t\t\t\t\t<\/span>\n\t\t\t\t\t<\/a>\n\t\t\t\t<\/div>\n\t\t\t\t\t\t\t\t<\/div>\n\t\t\t\t<\/div>\n\t\t\t\t<div class=\"elementor-element elementor-element-a453159 elementor-align-left elementor-widget elementor-widget-button\" data-id=\"a453159\" data-element_type=\"widget\" data-e-type=\"widget\" data-widget_type=\"button.default\">\n\t\t\t\t<div class=\"elementor-widget-container\">\n\t\t\t\t\t\t\t\t\t<div class=\"elementor-button-wrapper\">\n\t\t\t\t\t<a class=\"elementor-button elementor-button-link elementor-size-sm\" href=\"tel:+358%2050%203475%20700\u00a0\">\n\t\t\t\t\t\t<span class=\"elementor-button-content-wrapper\">\n\t\t\t\t\t\t\t\t\t<span class=\"elementor-button-text\">+358 50 3475 700\u00a0<\/span>\n\t\t\t\t\t<\/span>\n\t\t\t\t\t<\/a>\n\t\t\t\t<\/div>\n\t\t\t\t\t\t\t\t<\/div>\n\t\t\t\t<\/div>\n\t\t\t\t<div class=\"elementor-element elementor-element-5fcb0c1 elementor-align-left elementor-widget elementor-widget-button\" data-id=\"5fcb0c1\" data-element_type=\"widget\" data-e-type=\"widget\" data-widget_type=\"button.default\">\n\t\t\t\t<div class=\"elementor-widget-container\">\n\t\t\t\t\t\t\t\t\t<div class=\"elementor-button-wrapper\">\n\t\t\t\t\t<a class=\"elementor-button elementor-button-link elementor-size-sm\" href=\"http:\/\/linkedin.com\/in\/outi-penttil\u00e4-a2b00110\/\">\n\t\t\t\t\t\t<span class=\"elementor-button-content-wrapper\">\n\t\t\t\t\t\t<span class=\"elementor-button-icon\">\n\t\t\t\t<svg aria-hidden=\"true\" class=\"e-font-icon-svg e-fab-linkedin-in\" viewbox=\"0 0 448 512\" xmlns=\"http:\/\/www.w3.org\/2000\/svg\"><path d=\"M100.28 448H7.4V148.9h92.88zM53.79 108.1C24.09 108.1 0 83.5 0 53.8a53.79 53.79 0 0 1 107.58 0c0 29.7-24.1 54.3-53.79 54.3zM447.9 448h-92.68V302.4c0-34.7-.7-79.2-48.29-79.2-48.29 0-55.69 37.7-55.69 76.7V448h-92.78V148.9h89.08v40.8h1.3c12.4-23.5 42.69-48.3 87.88-48.3 94 0 111.28 61.9 111.28 142.3V448z\"><\/path><\/svg>\t\t\t<\/span>\n\t\t\t\t\t\t\t\t\t<span class=\"elementor-button-text\">LinkedIn<\/span>\n\t\t\t\t\t<\/span>\n\t\t\t\t\t<\/a>\n\t\t\t\t<\/div>\n\t\t\t\t\t\t\t\t<\/div>\n\t\t\t\t<\/div>\n\t\t\t\t<div class=\"elementor-element elementor-element-1ab8168c elementor-widget elementor-widget-text-editor\" data-id=\"1ab8168c\" data-element_type=\"widget\" data-e-type=\"widget\" data-widget_type=\"text-editor.default\">\n\t\t\t\t<div class=\"elementor-widget-container\">\n\t\t\t\t\t\t\t\t\t<p>I am an experienced ICT service management and project professional. I have more than 15 years of experience in managing and developing the lifecycle of ICT services.<\/p><p><span style=\"letter-spacing: 0px;\">I have participated in numerous global ICT development projects.\u00a0<\/span><span style=\"letter-spacing: 0px;\">In addition to the role of service manager, I have also worked as a team leader, scrum master, and business analyst. In the role of service manager, I have been responsible for the operation of internal services within the company, deliveries, third-party support, and have served as a Service Manager for several clients, overseeing the operation of the services delivered to the customer and handling small projects related to ongoing services.<\/span><\/p><p><span style=\"letter-spacing: 0px;\">My strengths include excellent organizational and communication skills. I can lead both teams and projects, even in a virtual environment. I adapt easily to changes and new situations. As a person, I am reliable, service-oriented, punctual, and goal-oriented. I am good at motivating and assisting others in giving their best to achieve the goal.<\/span><\/p><p>I do my work with a positive attitude and a customer-centric approach<\/p>\t\t\t\t\t\t\t\t<\/div>\n\t\t\t\t<\/div>\n\t\t\t\t<div class=\"elementor-element elementor-element-44be7f3 animated-slow elementor-invisible elementor-widget elementor-widget-heading\" data-id=\"44be7f3\" data-element_type=\"widget\" data-e-type=\"widget\" data-settings=\"{&quot;_animation&quot;:&quot;fadeIn&quot;}\" data-widget_type=\"heading.default\">\n\t\t\t\t<div class=\"elementor-widget-container\">\n\t\t\t\t\t<h2 class=\"elementor-heading-title elementor-size-default\">Key competencies:<\/h2>\t\t\t\t<\/div>\n\t\t\t\t<\/div>\n\t\t\t\t<section data-particle_enable=\"false\" data-particle-mobile-disabled=\"false\" class=\"elementor-section elementor-inner-section elementor-element elementor-element-26a84ab elementor-section-boxed elementor-section-height-default elementor-section-height-default\" data-id=\"26a84ab\" data-element_type=\"section\" data-e-type=\"section\">\n\t\t\t\t\t\t<div class=\"elementor-container elementor-column-gap-default\">\n\t\t\t\t\t<div class=\"elementor-column elementor-col-50 elementor-inner-column elementor-element elementor-element-856deaa\" data-id=\"856deaa\" data-element_type=\"column\" data-e-type=\"column\">\n\t\t\t<div class=\"elementor-widget-wrap elementor-element-populated\">\n\t\t\t\t\t\t<div class=\"elementor-element elementor-element-c9b2f73 elementor-widget__width-initial elementor-widget elementor-widget-text-editor\" data-id=\"c9b2f73\" data-element_type=\"widget\" data-e-type=\"widget\" data-widget_type=\"text-editor.default\">\n\t\t\t\t<div class=\"elementor-widget-container\">\n\t\t\t\t\t\t\t\t\t<ul><li>Project and service management<\/li><li>Service management and planning<\/li><li>Change management<\/li><li>Multicultural environments<\/li><li>Supplier Management<\/li><li>Requirement specification<\/li><\/ul>\t\t\t\t\t\t\t\t<\/div>\n\t\t\t\t<\/div>\n\t\t\t\t\t<\/div>\n\t\t<\/div>\n\t\t\t\t<div class=\"elementor-column elementor-col-50 elementor-inner-column elementor-element elementor-element-c96960c\" data-id=\"c96960c\" data-element_type=\"column\" data-e-type=\"column\">\n\t\t\t<div class=\"elementor-widget-wrap elementor-element-populated\">\n\t\t\t\t\t\t<div class=\"elementor-element elementor-element-7993e19 elementor-widget__width-initial elementor-widget elementor-widget-text-editor\" data-id=\"7993e19\" data-element_type=\"widget\" data-e-type=\"widget\" data-widget_type=\"text-editor.default\">\n\t\t\t\t<div class=\"elementor-widget-container\">\n\t\t\t\t\t\t\t\t\t<ul><li>Transition projects<\/li><li>Defining and implementing an operational model<\/li><li>Supervision work<\/li><li>ITIL<\/li><li>Scrum<\/li><\/ul>\t\t\t\t\t\t\t\t<\/div>\n\t\t\t\t<\/div>\n\t\t\t\t\t<\/div>\n\t\t<\/div>\n\t\t\t\t\t<\/div>\n\t\t<\/section>\n\t\t\t\t<div class=\"elementor-element elementor-element-dc64138 elementor-widget elementor-widget-spacer\" data-id=\"dc64138\" data-element_type=\"widget\" data-e-type=\"widget\" data-widget_type=\"spacer.default\">\n\t\t\t\t<div class=\"elementor-widget-container\">\n\t\t\t\t\t\t\t<div class=\"elementor-spacer\">\n\t\t\t<div class=\"elementor-spacer-inner\"><\/div>\n\t\t<\/div>\n\t\t\t\t\t\t<\/div>\n\t\t\t\t<\/div>\n\t\t\t\t\t<\/div>\n\t\t<\/div>\n\t\t\t\t\t<\/div>\n\t\t<\/section>\n\t\t\t\t<\/div>","protected":false},"excerpt":{"rendered":"<p>Ihmiset Outi Penttil\u00e4 Kokenut projekti-ja palveluhallinnan ammattilainen outi.penttila@graniittiservices.fi +358 50 3475 700\u00a0 Linkedin Olen kokenut ICT-palveluhallinnan ja -projekti ammattilainen. Minulla on yli 15 vuoden kokemus ICT-palveluiden elinkaaren hallinnasta ja kehitt\u00e4misest\u00e4. Olen osallistunut lukuisiin globaaleihin ICT kehityshankkeisiin ja projekteihin.\u00a0Palvelup\u00e4\u00e4llikk\u00f6 roolin lis\u00e4ksi olen ollut tiimiesimiehen\u00e4, scrum masterina sek\u00e4 business analystin roolissa. Palvelup\u00e4\u00e4llikk\u00f6 roolissa olen vastannut yrityksen sis\u00e4isten [&hellip;]<\/p>\n","protected":false},"author":6,"featured_media":0,"parent":0,"menu_order":0,"comment_status":"closed","ping_status":"closed","template":"elementor_header_footer","meta":{"_eb_attr":"","_monsterinsights_skip_tracking":false,"_monsterinsights_sitenote_active":false,"_monsterinsights_sitenote_note":"","_monsterinsights_sitenote_category":0,"footnotes":""},"class_list":["post-1182","page","type-page","status-publish","hentry"],"yoast_head":"<!-- This site is optimized with the Yoast SEO plugin v27.4 - https:\/\/yoast.com\/product\/yoast-seo-wordpress\/ -->\n<title>Outi Penttil\u00e4 - Graniitti Services<\/title>\n<meta name=\"description\" content=\"Outi Penttil\u00e4 | Kokenut projekti ja palveluhallinnan ammattilainen. Olen kokenut ICT-palveluhallinnan ja -projekti ammattilainen.\" \/>\n<meta name=\"robots\" content=\"index, follow, max-snippet:-1, max-image-preview:large, max-video-preview:-1\" \/>\n<link rel=\"canonical\" href=\"https:\/\/www.graniittiservices.fi\/en\/outi-penttila\/\" \/>\n<meta property=\"og:locale\" content=\"en_GB\" \/>\n<meta property=\"og:type\" content=\"article\" \/>\n<meta property=\"og:title\" content=\"Outi Penttil\u00e4 - Graniitti Services\" \/>\n<meta property=\"og:description\" content=\"Outi Penttil\u00e4 | Kokenut projekti ja palveluhallinnan ammattilainen. Olen kokenut ICT-palveluhallinnan ja -projekti ammattilainen.\" \/>\n<meta property=\"og:url\" content=\"https:\/\/www.graniittiservices.fi\/en\/outi-penttila\/\" \/>\n<meta property=\"og:site_name\" content=\"Graniitti Services\" \/>\n<meta property=\"article:publisher\" content=\"https:\/\/www.facebook.com\/graniittiservices\" \/>\n<meta property=\"article:modified_time\" content=\"2024-11-01T08:50:34+00:00\" \/>\n<meta property=\"og:image\" content=\"https:\/\/www.graniittiservices.fi\/wp-content\/uploads\/2024\/06\/ND7A3134-1-scaled.jpg\" \/>\n\t<meta property=\"og:image:width\" content=\"1707\" \/>\n\t<meta property=\"og:image:height\" content=\"2560\" \/>\n\t<meta property=\"og:image:type\" content=\"image\/jpeg\" \/>\n<meta name=\"twitter:card\" content=\"summary_large_image\" \/>\n<meta name=\"twitter:label1\" content=\"Estimated reading time\" \/>\n\t<meta name=\"twitter:data1\" content=\"2 minutes\" \/>\n<script type=\"application\/ld+json\" class=\"yoast-schema-graph\">{\"@context\":\"https:\\\/\\\/schema.org\",\"@graph\":[{\"@type\":\"WebPage\",\"@id\":\"https:\\\/\\\/www.graniittiservices.fi\\\/outi-penttila\\\/\",\"url\":\"https:\\\/\\\/www.graniittiservices.fi\\\/outi-penttila\\\/\",\"name\":\"Outi Penttil\u00e4 - Graniitti Services\",\"isPartOf\":{\"@id\":\"https:\\\/\\\/www.graniittiservices.fi\\\/#website\"},\"primaryImageOfPage\":{\"@id\":\"https:\\\/\\\/www.graniittiservices.fi\\\/outi-penttila\\\/#primaryimage\"},\"image\":{\"@id\":\"https:\\\/\\\/www.graniittiservices.fi\\\/outi-penttila\\\/#primaryimage\"},\"thumbnailUrl\":\"https:\\\/\\\/www.graniittiservices.fi\\\/wp-content\\\/uploads\\\/2024\\\/06\\\/ND7A3134-1-683x1024.jpg\",\"datePublished\":\"2022-03-29T10:04:46+00:00\",\"dateModified\":\"2024-11-01T08:50:34+00:00\",\"description\":\"Outi Penttil\u00e4 | Kokenut projekti ja palveluhallinnan ammattilainen. Olen kokenut ICT-palveluhallinnan ja -projekti ammattilainen.\",\"breadcrumb\":{\"@id\":\"https:\\\/\\\/www.graniittiservices.fi\\\/outi-penttila\\\/#breadcrumb\"},\"inLanguage\":\"en-GB\",\"potentialAction\":[{\"@type\":\"ReadAction\",\"target\":[\"https:\\\/\\\/www.graniittiservices.fi\\\/outi-penttila\\\/\"]}]},{\"@type\":\"ImageObject\",\"inLanguage\":\"en-GB\",\"@id\":\"https:\\\/\\\/www.graniittiservices.fi\\\/outi-penttila\\\/#primaryimage\",\"url\":\"https:\\\/\\\/www.graniittiservices.fi\\\/wp-content\\\/uploads\\\/2024\\\/06\\\/ND7A3134-1-683x1024.jpg\",\"contentUrl\":\"https:\\\/\\\/www.graniittiservices.fi\\\/wp-content\\\/uploads\\\/2024\\\/06\\\/ND7A3134-1-683x1024.jpg\"},{\"@type\":\"BreadcrumbList\",\"@id\":\"https:\\\/\\\/www.graniittiservices.fi\\\/outi-penttila\\\/#breadcrumb\",\"itemListElement\":[{\"@type\":\"ListItem\",\"position\":1,\"name\":\"Etusivu\",\"item\":\"https:\\\/\\\/www.graniittiservices.fi\\\/\"},{\"@type\":\"ListItem\",\"position\":2,\"name\":\"Outi Penttil\u00e4\"}]},{\"@type\":\"WebSite\",\"@id\":\"https:\\\/\\\/www.graniittiservices.fi\\\/#website\",\"url\":\"https:\\\/\\\/www.graniittiservices.fi\\\/\",\"name\":\"Graniitti Services\",\"description\":\"Kovia tekoja, kivoja tyyppej\u00e4\",\"publisher\":{\"@id\":\"https:\\\/\\\/www.graniittiservices.fi\\\/#organization\"},\"potentialAction\":[{\"@type\":\"SearchAction\",\"target\":{\"@type\":\"EntryPoint\",\"urlTemplate\":\"https:\\\/\\\/www.graniittiservices.fi\\\/?s={search_term_string}\"},\"query-input\":{\"@type\":\"PropertyValueSpecification\",\"valueRequired\":true,\"valueName\":\"search_term_string\"}}],\"inLanguage\":\"en-GB\"},{\"@type\":\"Organization\",\"@id\":\"https:\\\/\\\/www.graniittiservices.fi\\\/#organization\",\"name\":\"Graniitti Services\",\"url\":\"https:\\\/\\\/www.graniittiservices.fi\\\/\",\"logo\":{\"@type\":\"ImageObject\",\"inLanguage\":\"en-GB\",\"@id\":\"https:\\\/\\\/www.graniittiservices.fi\\\/#\\\/schema\\\/logo\\\/image\\\/\",\"url\":\"\",\"contentUrl\":\"\",\"caption\":\"Graniitti Services\"},\"image\":{\"@id\":\"https:\\\/\\\/www.graniittiservices.fi\\\/#\\\/schema\\\/logo\\\/image\\\/\"},\"sameAs\":[\"https:\\\/\\\/www.facebook.com\\\/graniittiservices\",\"https:\\\/\\\/www.linkedin.com\\\/company\\\/graniitti-services\"]}]}<\/script>\n<!-- \/ Yoast SEO plugin. -->","yoast_head_json":{"title":"Outi Penttil\u00e4 - Graniitti Services","description":"Outi Penttil\u00e4 | Kokenut projekti ja palveluhallinnan ammattilainen. Olen kokenut ICT-palveluhallinnan ja -projekti ammattilainen.","robots":{"index":"index","follow":"follow","max-snippet":"max-snippet:-1","max-image-preview":"max-image-preview:large","max-video-preview":"max-video-preview:-1"},"canonical":"https:\/\/www.graniittiservices.fi\/en\/outi-penttila\/","og_locale":"en_GB","og_type":"article","og_title":"Outi Penttil\u00e4 - Graniitti Services","og_description":"Outi Penttil\u00e4 | Kokenut projekti ja palveluhallinnan ammattilainen. Olen kokenut ICT-palveluhallinnan ja -projekti ammattilainen.","og_url":"https:\/\/www.graniittiservices.fi\/en\/outi-penttila\/","og_site_name":"Graniitti Services","article_publisher":"https:\/\/www.facebook.com\/graniittiservices","article_modified_time":"2024-11-01T08:50:34+00:00","og_image":[{"width":1707,"height":2560,"url":"https:\/\/www.graniittiservices.fi\/wp-content\/uploads\/2024\/06\/ND7A3134-1-scaled.jpg","type":"image\/jpeg"}],"twitter_card":"summary_large_image","twitter_misc":{"Estimated reading time":"2 minutes"},"schema":{"@context":"https:\/\/schema.org","@graph":[{"@type":"WebPage","@id":"https:\/\/www.graniittiservices.fi\/outi-penttila\/","url":"https:\/\/www.graniittiservices.fi\/outi-penttila\/","name":"Outi Penttil\u00e4 - Graniitti Services","isPartOf":{"@id":"https:\/\/www.graniittiservices.fi\/#website"},"primaryImageOfPage":{"@id":"https:\/\/www.graniittiservices.fi\/outi-penttila\/#primaryimage"},"image":{"@id":"https:\/\/www.graniittiservices.fi\/outi-penttila\/#primaryimage"},"thumbnailUrl":"https:\/\/www.graniittiservices.fi\/wp-content\/uploads\/2024\/06\/ND7A3134-1-683x1024.jpg","datePublished":"2022-03-29T10:04:46+00:00","dateModified":"2024-11-01T08:50:34+00:00","description":"Outi Penttil\u00e4 | Kokenut projekti ja palveluhallinnan ammattilainen. Olen kokenut ICT-palveluhallinnan ja -projekti ammattilainen.","breadcrumb":{"@id":"https:\/\/www.graniittiservices.fi\/outi-penttila\/#breadcrumb"},"inLanguage":"en-GB","potentialAction":[{"@type":"ReadAction","target":["https:\/\/www.graniittiservices.fi\/outi-penttila\/"]}]},{"@type":"ImageObject","inLanguage":"en-GB","@id":"https:\/\/www.graniittiservices.fi\/outi-penttila\/#primaryimage","url":"https:\/\/www.graniittiservices.fi\/wp-content\/uploads\/2024\/06\/ND7A3134-1-683x1024.jpg","contentUrl":"https:\/\/www.graniittiservices.fi\/wp-content\/uploads\/2024\/06\/ND7A3134-1-683x1024.jpg"},{"@type":"BreadcrumbList","@id":"https:\/\/www.graniittiservices.fi\/outi-penttila\/#breadcrumb","itemListElement":[{"@type":"ListItem","position":1,"name":"Etusivu","item":"https:\/\/www.graniittiservices.fi\/"},{"@type":"ListItem","position":2,"name":"Outi Penttil\u00e4"}]},{"@type":"WebSite","@id":"https:\/\/www.graniittiservices.fi\/#website","url":"https:\/\/www.graniittiservices.fi\/","name":"Granite Services","description":"Tough deeds, nice guys","publisher":{"@id":"https:\/\/www.graniittiservices.fi\/#organization"},"potentialAction":[{"@type":"SearchAction","target":{"@type":"EntryPoint","urlTemplate":"https:\/\/www.graniittiservices.fi\/?s={search_term_string}"},"query-input":{"@type":"PropertyValueSpecification","valueRequired":true,"valueName":"search_term_string"}}],"inLanguage":"en-GB"},{"@type":"Organization","@id":"https:\/\/www.graniittiservices.fi\/#organization","name":"Granite Services","url":"https:\/\/www.graniittiservices.fi\/","logo":{"@type":"ImageObject","inLanguage":"en-GB","@id":"https:\/\/www.graniittiservices.fi\/#\/schema\/logo\/image\/","url":"","contentUrl":"","caption":"Graniitti Services"},"image":{"@id":"https:\/\/www.graniittiservices.fi\/#\/schema\/logo\/image\/"},"sameAs":["https:\/\/www.facebook.com\/graniittiservices","https:\/\/www.linkedin.com\/company\/graniitti-services"]}]}},"_links":{"self":[{"href":"https:\/\/www.graniittiservices.fi\/en\/wp-json\/wp\/v2\/pages\/1182","targetHints":{"allow":["GET"]}}],"collection":[{"href":"https:\/\/www.graniittiservices.fi\/en\/wp-json\/wp\/v2\/pages"}],"about":[{"href":"https:\/\/www.graniittiservices.fi\/en\/wp-json\/wp\/v2\/types\/page"}],"author":[{"embeddable":true,"href":"https:\/\/www.graniittiservices.fi\/en\/wp-json\/wp\/v2\/users\/6"}],"replies":[{"embeddable":true,"href":"https:\/\/www.graniittiservices.fi\/en\/wp-json\/wp\/v2\/comments?post=1182"}],"version-history":[{"count":0,"href":"https:\/\/www.graniittiservices.fi\/en\/wp-json\/wp\/v2\/pages\/1182\/revisions"}],"wp:attachment":[{"href":"https:\/\/www.graniittiservices.fi\/en\/wp-json\/wp\/v2\/media?parent=1182"}],"curies":[{"name":"wp","href":"https:\/\/api.w.org\/{rel}","templated":true}]}}