{"id":1289,"date":"2022-03-29T13:35:14","date_gmt":"2022-03-29T10:35:14","guid":{"rendered":"https:\/\/www.graniittiservices.fi\/?page_id=1289"},"modified":"2024-11-01T10:44:28","modified_gmt":"2024-11-01T08:44:28","slug":"paivi-williams","status":"publish","type":"page","link":"https:\/\/www.graniittiservices.fi\/en\/paivi-williams\/","title":{"rendered":"P\u00e4ivi Williams"},"content":{"rendered":"<div data-elementor-type=\"wp-page\" data-elementor-id=\"1289\" class=\"elementor elementor-1289\" data-elementor-post-type=\"page\">\n\t\t\t\t\t\t<section data-particle_enable=\"false\" data-particle-mobile-disabled=\"false\" class=\"elementor-section elementor-top-section elementor-element elementor-element-cd7c4c2 elementor-section-boxed elementor-section-height-default elementor-section-height-default\" data-id=\"cd7c4c2\" data-element_type=\"section\" data-e-type=\"section\">\n\t\t\t\t\t\t<div class=\"elementor-container elementor-column-gap-default\">\n\t\t\t\t\t<div class=\"elementor-column elementor-col-100 elementor-top-column elementor-element elementor-element-a043680\" data-id=\"a043680\" data-element_type=\"column\" data-e-type=\"column\">\n\t\t\t<div class=\"elementor-widget-wrap elementor-element-populated\">\n\t\t\t\t\t\t<div class=\"elementor-element elementor-element-e588dae elementor-widget elementor-widget-button\" data-id=\"e588dae\" data-element_type=\"widget\" data-e-type=\"widget\" data-widget_type=\"button.default\">\n\t\t\t\t<div class=\"elementor-widget-container\">\n\t\t\t\t\t\t\t\t\t<div class=\"elementor-button-wrapper\">\n\t\t\t\t\t<a class=\"elementor-button elementor-button-link elementor-size-sm\" href=\"https:\/\/www.graniittiservices.fi\/en\/asiantuntijamme\/\">\n\t\t\t\t\t\t<span class=\"elementor-button-content-wrapper\">\n\t\t\t\t\t\t<span class=\"elementor-button-icon\">\n\t\t\t\t<svg xmlns=\"http:\/\/www.w3.org\/2000\/svg\" xmlns:xlink=\"http:\/\/www.w3.org\/1999\/xlink\" width=\"256px\" height=\"256px\" viewbox=\"0 0 32 32\" fill=\"#000000\"><g id=\"SVGRepo_bgCarrier\" stroke-width=\"0\"><\/g><g id=\"SVGRepo_tracerCarrier\" stroke-linecap=\"round\" stroke-linejoin=\"round\"><\/g><g id=\"SVGRepo_iconCarrier\"><g id=\"icomoon-ignore\"> <\/g><path d=\"M12.792 15.233l-0.754 0.754 6.035 6.035 0.754-0.754-5.281-5.281 5.256-5.256-0.754-0.754-3.013 3.013z\" fill=\"#000000\"> <\/path><\/g><\/svg>\t\t\t<\/span>\n\t\t\t\t\t\t\t\t\t<span class=\"elementor-button-text\">People<\/span>\n\t\t\t\t\t<\/span>\n\t\t\t\t\t<\/a>\n\t\t\t\t<\/div>\n\t\t\t\t\t\t\t\t<\/div>\n\t\t\t\t<\/div>\n\t\t\t\t\t<\/div>\n\t\t<\/div>\n\t\t\t\t\t<\/div>\n\t\t<\/section>\n\t\t\t\t<section data-particle_enable=\"false\" data-particle-mobile-disabled=\"false\" class=\"elementor-section elementor-top-section elementor-element elementor-element-9b01dcf elementor-section-content-middle elementor-section-boxed elementor-section-height-default elementor-section-height-default\" data-id=\"9b01dcf\" data-element_type=\"section\" data-e-type=\"section\" data-settings=\"{&quot;background_background&quot;:&quot;classic&quot;}\">\n\t\t\t\t\t\t<div class=\"elementor-container elementor-column-gap-extended\">\n\t\t\t\t\t<div class=\"elementor-column elementor-col-50 elementor-top-column elementor-element elementor-element-6f58ccf\" data-id=\"6f58ccf\" data-element_type=\"column\" data-e-type=\"column\">\n\t\t\t<div class=\"elementor-widget-wrap elementor-element-populated\">\n\t\t\t\t\t\t<div class=\"elementor-element elementor-element-05ebe76 elementor-widget elementor-widget-image\" data-id=\"05ebe76\" data-element_type=\"widget\" data-e-type=\"widget\" data-widget_type=\"image.default\">\n\t\t\t\t<div class=\"elementor-widget-container\">\n\t\t\t\t\t\t\t\t\t\t\t\t\t\t\t<img decoding=\"async\" width=\"759\" height=\"1024\" src=\"https:\/\/www.graniittiservices.fi\/wp-content\/uploads\/2024\/06\/williams-paivi-001-kopio-2-scaled-e1726574574388-759x1024.jpg\" class=\"attachment-large size-large wp-image-14021\" alt=\"P\u00e4ivi Williams | Laadunvarmistuksen ammattilainen Testausp\u00e4\u00e4llikk\u00f6 ja testaaja\" srcset=\"https:\/\/www.graniittiservices.fi\/wp-content\/uploads\/2024\/06\/williams-paivi-001-kopio-2-scaled-e1726574574388-759x1024.jpg 759w, https:\/\/www.graniittiservices.fi\/wp-content\/uploads\/2024\/06\/williams-paivi-001-kopio-2-scaled-e1726574574388-222x300.jpg 222w, https:\/\/www.graniittiservices.fi\/wp-content\/uploads\/2024\/06\/williams-paivi-001-kopio-2-scaled-e1726574574388-768x1036.jpg 768w, https:\/\/www.graniittiservices.fi\/wp-content\/uploads\/2024\/06\/williams-paivi-001-kopio-2-scaled-e1726574574388-1139x1536.jpg 1139w, https:\/\/www.graniittiservices.fi\/wp-content\/uploads\/2024\/06\/williams-paivi-001-kopio-2-scaled-e1726574574388-1518x2048.jpg 1518w, https:\/\/www.graniittiservices.fi\/wp-content\/uploads\/2024\/06\/williams-paivi-001-kopio-2-scaled-e1726574574388-9x12.jpg 9w, https:\/\/www.graniittiservices.fi\/wp-content\/uploads\/2024\/06\/williams-paivi-001-kopio-2-scaled-e1726574574388-18x24.jpg 18w, https:\/\/www.graniittiservices.fi\/wp-content\/uploads\/2024\/06\/williams-paivi-001-kopio-2-scaled-e1726574574388-27x36.jpg 27w, https:\/\/www.graniittiservices.fi\/wp-content\/uploads\/2024\/06\/williams-paivi-001-kopio-2-scaled-e1726574574388-36x48.jpg 36w, https:\/\/www.graniittiservices.fi\/wp-content\/uploads\/2024\/06\/williams-paivi-001-kopio-2-scaled-e1726574574388.jpg 1591w\" sizes=\"(max-width: 759px) 100vw, 759px\" \/>\t\t\t\t\t\t\t\t\t\t\t\t\t\t\t<\/div>\n\t\t\t\t<\/div>\n\t\t\t\t\t<\/div>\n\t\t<\/div>\n\t\t\t\t<div class=\"elementor-column elementor-col-50 elementor-top-column elementor-element elementor-element-16ffb35\" data-id=\"16ffb35\" data-element_type=\"column\" data-e-type=\"column\">\n\t\t\t<div class=\"elementor-widget-wrap elementor-element-populated\">\n\t\t\t\t\t\t<div class=\"elementor-element elementor-element-354688d animated-slow elementor-invisible elementor-widget elementor-widget-heading\" data-id=\"354688d\" data-element_type=\"widget\" data-e-type=\"widget\" data-settings=\"{&quot;_animation&quot;:&quot;fadeIn&quot;}\" data-widget_type=\"heading.default\">\n\t\t\t\t<div class=\"elementor-widget-container\">\n\t\t\t\t\t<h1 class=\"elementor-heading-title elementor-size-default\">P\u00e4ivi Williams<\/h1>\t\t\t\t<\/div>\n\t\t\t\t<\/div>\n\t\t\t\t<div class=\"elementor-element elementor-element-00c8eb5 animated-slow elementor-invisible elementor-widget elementor-widget-heading\" data-id=\"00c8eb5\" data-element_type=\"widget\" data-e-type=\"widget\" data-settings=\"{&quot;_animation&quot;:&quot;fadeIn&quot;}\" data-widget_type=\"heading.default\">\n\t\t\t\t<div class=\"elementor-widget-container\">\n\t\t\t\t\t<h3 class=\"elementor-heading-title elementor-size-default\">Quality Assurance professional <br> Test Manager and Tester<\/h3>\t\t\t\t<\/div>\n\t\t\t\t<\/div>\n\t\t\t\t<div class=\"elementor-element elementor-element-60cba27 elementor-align-left elementor-widget elementor-widget-button\" data-id=\"60cba27\" data-element_type=\"widget\" data-e-type=\"widget\" data-widget_type=\"button.default\">\n\t\t\t\t<div class=\"elementor-widget-container\">\n\t\t\t\t\t\t\t\t\t<div class=\"elementor-button-wrapper\">\n\t\t\t\t\t<a class=\"elementor-button elementor-button-link elementor-size-sm\" href=\"mailto:paivi.williams@graniittiservices.fi\">\n\t\t\t\t\t\t<span class=\"elementor-button-content-wrapper\">\n\t\t\t\t\t\t\t\t\t<span class=\"elementor-button-text\">paivi.williams@graniittiservices.fi<\/span>\n\t\t\t\t\t<\/span>\n\t\t\t\t\t<\/a>\n\t\t\t\t<\/div>\n\t\t\t\t\t\t\t\t<\/div>\n\t\t\t\t<\/div>\n\t\t\t\t<div class=\"elementor-element elementor-element-b58d82a elementor-align-left elementor-widget elementor-widget-button\" data-id=\"b58d82a\" data-element_type=\"widget\" data-e-type=\"widget\" data-widget_type=\"button.default\">\n\t\t\t\t<div class=\"elementor-widget-container\">\n\t\t\t\t\t\t\t\t\t<div class=\"elementor-button-wrapper\">\n\t\t\t\t\t<a class=\"elementor-button elementor-button-link elementor-size-sm\" href=\"tel:+358%2050%20420%201002\">\n\t\t\t\t\t\t<span class=\"elementor-button-content-wrapper\">\n\t\t\t\t\t\t\t\t\t<span class=\"elementor-button-text\">+358 50 420 1002<\/span>\n\t\t\t\t\t<\/span>\n\t\t\t\t\t<\/a>\n\t\t\t\t<\/div>\n\t\t\t\t\t\t\t\t<\/div>\n\t\t\t\t<\/div>\n\t\t\t\t<div class=\"elementor-element elementor-element-95c9d04 elementor-align-left elementor-widget elementor-widget-button\" data-id=\"95c9d04\" data-element_type=\"widget\" data-e-type=\"widget\" data-widget_type=\"button.default\">\n\t\t\t\t<div class=\"elementor-widget-container\">\n\t\t\t\t\t\t\t\t\t<div class=\"elementor-button-wrapper\">\n\t\t\t\t\t<a class=\"elementor-button elementor-button-link elementor-size-sm\" href=\"http:\/\/linkedin.com\/in\/p\u00e4ivi-williams-556b03149\/\">\n\t\t\t\t\t\t<span class=\"elementor-button-content-wrapper\">\n\t\t\t\t\t\t<span class=\"elementor-button-icon\">\n\t\t\t\t<svg aria-hidden=\"true\" class=\"e-font-icon-svg e-fab-linkedin-in\" viewbox=\"0 0 448 512\" xmlns=\"http:\/\/www.w3.org\/2000\/svg\"><path d=\"M100.28 448H7.4V148.9h92.88zM53.79 108.1C24.09 108.1 0 83.5 0 53.8a53.79 53.79 0 0 1 107.58 0c0 29.7-24.1 54.3-53.79 54.3zM447.9 448h-92.68V302.4c0-34.7-.7-79.2-48.29-79.2-48.29 0-55.69 37.7-55.69 76.7V448h-92.78V148.9h89.08v40.8h1.3c12.4-23.5 42.69-48.3 87.88-48.3 94 0 111.28 61.9 111.28 142.3V448z\"><\/path><\/svg>\t\t\t<\/span>\n\t\t\t\t\t\t\t\t\t<span class=\"elementor-button-text\">LinkedIn<\/span>\n\t\t\t\t\t<\/span>\n\t\t\t\t\t<\/a>\n\t\t\t\t<\/div>\n\t\t\t\t\t\t\t\t<\/div>\n\t\t\t\t<\/div>\n\t\t\t\t<div class=\"elementor-element elementor-element-c0bc251 elementor-widget elementor-widget-text-editor\" data-id=\"c0bc251\" data-element_type=\"widget\" data-e-type=\"widget\" data-widget_type=\"text-editor.default\">\n\t\t\t\t<div class=\"elementor-widget-container\">\n\t\t\t\t\t\t\t\t\t<p>I am an ISTQB certified testing professional. During more than 15 years of testing experience, I have learned a lot from comprehensive quality assurance and developed extensive functional testing expertise, e.g. banking and insurance sectors as well as the public sector. It is especially important for me to understand business requirements, high customer satisfaction and effective communication with various parties and stakeholders.<\/p><p>I have been involved in a number of different projects and sizes in the roles of test manager and test expert. As a person, I am kind, positive and punctual. It\u2019s natural for me to be curious and enjoy new challenges both at work and in my free time.<\/p>\t\t\t\t\t\t\t\t<\/div>\n\t\t\t\t<\/div>\n\t\t\t\t<div class=\"elementor-element elementor-element-3dfb6dc animated-slow elementor-invisible elementor-widget elementor-widget-heading\" data-id=\"3dfb6dc\" data-element_type=\"widget\" data-e-type=\"widget\" data-settings=\"{&quot;_animation&quot;:&quot;fadeIn&quot;}\" data-widget_type=\"heading.default\">\n\t\t\t\t<div class=\"elementor-widget-container\">\n\t\t\t\t\t<h2 class=\"elementor-heading-title elementor-size-default\">Key competencies:<\/h2>\t\t\t\t<\/div>\n\t\t\t\t<\/div>\n\t\t\t\t<section data-particle_enable=\"false\" data-particle-mobile-disabled=\"false\" class=\"elementor-section elementor-inner-section elementor-element elementor-element-d00cbe1 elementor-section-boxed elementor-section-height-default elementor-section-height-default\" data-id=\"d00cbe1\" data-element_type=\"section\" data-e-type=\"section\">\n\t\t\t\t\t\t<div class=\"elementor-container elementor-column-gap-default\">\n\t\t\t\t\t<div class=\"elementor-column elementor-col-50 elementor-inner-column elementor-element elementor-element-5054e60\" data-id=\"5054e60\" data-element_type=\"column\" data-e-type=\"column\">\n\t\t\t<div class=\"elementor-widget-wrap elementor-element-populated\">\n\t\t\t\t\t\t<div class=\"elementor-element elementor-element-6d856d6 elementor-widget__width-initial elementor-widget elementor-widget-text-editor\" data-id=\"6d856d6\" data-element_type=\"widget\" data-e-type=\"widget\" data-widget_type=\"text-editor.default\">\n\t\t\t\t<div class=\"elementor-widget-container\">\n\t\t\t\t\t\t\t\t\t<ul><li>Total quality assurance\u00a0<\/li><li>Development of testing processes\u00a0<\/li><li>Coordination of testing\u00a0<\/li><li>Application development projects\u00a0<\/li><\/ul>\t\t\t\t\t\t\t\t<\/div>\n\t\t\t\t<\/div>\n\t\t\t\t\t<\/div>\n\t\t<\/div>\n\t\t\t\t<div class=\"elementor-column elementor-col-50 elementor-inner-column elementor-element elementor-element-1a69828\" data-id=\"1a69828\" data-element_type=\"column\" data-e-type=\"column\">\n\t\t\t<div class=\"elementor-widget-wrap elementor-element-populated\">\n\t\t\t\t\t\t<div class=\"elementor-element elementor-element-f0eb67d elementor-widget__width-initial elementor-widget elementor-widget-text-editor\" data-id=\"f0eb67d\" data-element_type=\"widget\" data-e-type=\"widget\" data-widget_type=\"text-editor.default\">\n\t\t\t\t<div class=\"elementor-widget-container\">\n\t\t\t\t\t\t\t\t\t<ul><li>Versatile application integrations and their testing\u00a0<\/li><li>Team leading\u00a0<\/li><li>Supplier Management<\/li><\/ul>\t\t\t\t\t\t\t\t<\/div>\n\t\t\t\t<\/div>\n\t\t\t\t\t<\/div>\n\t\t<\/div>\n\t\t\t\t\t<\/div>\n\t\t<\/section>\n\t\t\t\t<div class=\"elementor-element elementor-element-2bf575e elementor-widget elementor-widget-spacer\" data-id=\"2bf575e\" data-element_type=\"widget\" data-e-type=\"widget\" data-widget_type=\"spacer.default\">\n\t\t\t\t<div class=\"elementor-widget-container\">\n\t\t\t\t\t\t\t<div class=\"elementor-spacer\">\n\t\t\t<div class=\"elementor-spacer-inner\"><\/div>\n\t\t<\/div>\n\t\t\t\t\t\t<\/div>\n\t\t\t\t<\/div>\n\t\t\t\t\t<\/div>\n\t\t<\/div>\n\t\t\t\t\t<\/div>\n\t\t<\/section>\n\t\t\t\t<section data-particle_enable=\"false\" data-particle-mobile-disabled=\"false\" class=\"elementor-section elementor-top-section elementor-element elementor-element-483cf34 elementor-section-boxed elementor-section-height-default elementor-section-height-default\" data-id=\"483cf34\" data-element_type=\"section\" data-e-type=\"section\">\n\t\t\t\t\t\t<div class=\"elementor-container elementor-column-gap-default\">\n\t\t\t\t\t<div class=\"elementor-column elementor-col-100 elementor-top-column elementor-element elementor-element-5e0b204\" data-id=\"5e0b204\" data-element_type=\"column\" data-e-type=\"column\">\n\t\t\t<div class=\"elementor-widget-wrap elementor-element-populated\">\n\t\t\t\t\t\t<div class=\"elementor-element elementor-element-f9fa2d5 elementor-widget elementor-widget-spacer\" data-id=\"f9fa2d5\" data-element_type=\"widget\" data-e-type=\"widget\" data-widget_type=\"spacer.default\">\n\t\t\t\t<div class=\"elementor-widget-container\">\n\t\t\t\t\t\t\t<div class=\"elementor-spacer\">\n\t\t\t<div class=\"elementor-spacer-inner\"><\/div>\n\t\t<\/div>\n\t\t\t\t\t\t<\/div>\n\t\t\t\t<\/div>\n\t\t\t\t\t<\/div>\n\t\t<\/div>\n\t\t\t\t\t<\/div>\n\t\t<\/section>\n\t\t\t\t<\/div>","protected":false},"excerpt":{"rendered":"<p>Ihmiset P\u00e4ivi Williams Laadunvarmistuksen ammattilainen Testausp\u00e4\u00e4llikk\u00f6 ja testaaja paivi.williams@graniittiservices.fi +358 50 420 1002 Linkedin Olen ISTQB sertifioitu testauksen ammattilainen. Reilun 15 vuoden testausty\u00f6kokemusvuoden aikana olen oppinut paljon kokonaisvaltaisesta laadunvarmistuksesta ja kehitt\u00e4nyt laaja-alaisen toiminnallisen testausosaamisen mm. pankki ja vakuutusaloilta sek\u00e4 julkiselta puolelta. Itselleni on erityisen t\u00e4rke\u00e4\u00e4 ymm\u00e4rt\u00e4\u00e4 liiketoiminnan vaatimukset, korkea asiakastyytyv\u00e4isyys ja toimiva kommunikointi eri tahojen [&hellip;]<\/p>\n","protected":false},"author":6,"featured_media":0,"parent":0,"menu_order":0,"comment_status":"closed","ping_status":"closed","template":"elementor_header_footer","meta":{"_eb_attr":"","_monsterinsights_skip_tracking":false,"_monsterinsights_sitenote_active":false,"_monsterinsights_sitenote_note":"","_monsterinsights_sitenote_category":0,"footnotes":""},"class_list":["post-1289","page","type-page","status-publish","hentry"],"yoast_head":"<!-- This site is optimized with the Yoast SEO plugin v27.4 - https:\/\/yoast.com\/product\/yoast-seo-wordpress\/ -->\n<title>P\u00e4ivi Williams - Graniitti Services<\/title>\n<meta name=\"description\" content=\"P\u00e4ivi Williams | Laadunvarmistuksen ammattilainen Testausp\u00e4\u00e4llikk\u00f6 ja testaaja. Olen ISTQB sertifioitu testauksen ammattilainen.\" \/>\n<meta name=\"robots\" content=\"index, follow, max-snippet:-1, max-image-preview:large, max-video-preview:-1\" \/>\n<link rel=\"canonical\" href=\"https:\/\/www.graniittiservices.fi\/en\/paivi-williams\/\" \/>\n<meta property=\"og:locale\" content=\"en_GB\" \/>\n<meta property=\"og:type\" content=\"article\" \/>\n<meta property=\"og:title\" content=\"P\u00e4ivi Williams - Graniitti Services\" \/>\n<meta property=\"og:description\" content=\"P\u00e4ivi Williams | Laadunvarmistuksen ammattilainen Testausp\u00e4\u00e4llikk\u00f6 ja testaaja. Olen ISTQB sertifioitu testauksen ammattilainen.\" \/>\n<meta property=\"og:url\" content=\"https:\/\/www.graniittiservices.fi\/en\/paivi-williams\/\" \/>\n<meta property=\"og:site_name\" content=\"Graniitti Services\" \/>\n<meta property=\"article:publisher\" content=\"https:\/\/www.facebook.com\/graniittiservices\" \/>\n<meta property=\"article:modified_time\" content=\"2024-11-01T08:44:28+00:00\" \/>\n<meta property=\"og:image\" content=\"https:\/\/www.graniittiservices.fi\/wp-content\/uploads\/2024\/06\/williams-paivi-001-kopio-2-scaled-e1726574574388.jpg\" \/>\n\t<meta property=\"og:image:width\" content=\"1591\" \/>\n\t<meta property=\"og:image:height\" content=\"2146\" \/>\n\t<meta property=\"og:image:type\" content=\"image\/jpeg\" \/>\n<meta name=\"twitter:card\" content=\"summary_large_image\" \/>\n<meta name=\"twitter:label1\" content=\"Estimated reading time\" \/>\n\t<meta name=\"twitter:data1\" content=\"1 minute\" \/>\n<script type=\"application\/ld+json\" class=\"yoast-schema-graph\">{\"@context\":\"https:\\\/\\\/schema.org\",\"@graph\":[{\"@type\":\"WebPage\",\"@id\":\"https:\\\/\\\/www.graniittiservices.fi\\\/paivi-williams\\\/\",\"url\":\"https:\\\/\\\/www.graniittiservices.fi\\\/paivi-williams\\\/\",\"name\":\"P\u00e4ivi Williams - Graniitti Services\",\"isPartOf\":{\"@id\":\"https:\\\/\\\/www.graniittiservices.fi\\\/#website\"},\"primaryImageOfPage\":{\"@id\":\"https:\\\/\\\/www.graniittiservices.fi\\\/paivi-williams\\\/#primaryimage\"},\"image\":{\"@id\":\"https:\\\/\\\/www.graniittiservices.fi\\\/paivi-williams\\\/#primaryimage\"},\"thumbnailUrl\":\"https:\\\/\\\/www.graniittiservices.fi\\\/wp-content\\\/uploads\\\/2024\\\/06\\\/williams-paivi-001-kopio-2-scaled-e1726574574388-759x1024.jpg\",\"datePublished\":\"2022-03-29T10:35:14+00:00\",\"dateModified\":\"2024-11-01T08:44:28+00:00\",\"description\":\"P\u00e4ivi Williams | Laadunvarmistuksen ammattilainen Testausp\u00e4\u00e4llikk\u00f6 ja testaaja. Olen ISTQB sertifioitu testauksen ammattilainen.\",\"breadcrumb\":{\"@id\":\"https:\\\/\\\/www.graniittiservices.fi\\\/paivi-williams\\\/#breadcrumb\"},\"inLanguage\":\"en-GB\",\"potentialAction\":[{\"@type\":\"ReadAction\",\"target\":[\"https:\\\/\\\/www.graniittiservices.fi\\\/paivi-williams\\\/\"]}]},{\"@type\":\"ImageObject\",\"inLanguage\":\"en-GB\",\"@id\":\"https:\\\/\\\/www.graniittiservices.fi\\\/paivi-williams\\\/#primaryimage\",\"url\":\"https:\\\/\\\/www.graniittiservices.fi\\\/wp-content\\\/uploads\\\/2024\\\/06\\\/williams-paivi-001-kopio-2-scaled-e1726574574388-759x1024.jpg\",\"contentUrl\":\"https:\\\/\\\/www.graniittiservices.fi\\\/wp-content\\\/uploads\\\/2024\\\/06\\\/williams-paivi-001-kopio-2-scaled-e1726574574388-759x1024.jpg\"},{\"@type\":\"BreadcrumbList\",\"@id\":\"https:\\\/\\\/www.graniittiservices.fi\\\/paivi-williams\\\/#breadcrumb\",\"itemListElement\":[{\"@type\":\"ListItem\",\"position\":1,\"name\":\"Etusivu\",\"item\":\"https:\\\/\\\/www.graniittiservices.fi\\\/\"},{\"@type\":\"ListItem\",\"position\":2,\"name\":\"P\u00e4ivi Williams\"}]},{\"@type\":\"WebSite\",\"@id\":\"https:\\\/\\\/www.graniittiservices.fi\\\/#website\",\"url\":\"https:\\\/\\\/www.graniittiservices.fi\\\/\",\"name\":\"Graniitti Services\",\"description\":\"Varmista kehityshankkeen onnistuminen\",\"publisher\":{\"@id\":\"https:\\\/\\\/www.graniittiservices.fi\\\/#organization\"},\"potentialAction\":[{\"@type\":\"SearchAction\",\"target\":{\"@type\":\"EntryPoint\",\"urlTemplate\":\"https:\\\/\\\/www.graniittiservices.fi\\\/?s={search_term_string}\"},\"query-input\":{\"@type\":\"PropertyValueSpecification\",\"valueRequired\":true,\"valueName\":\"search_term_string\"}}],\"inLanguage\":\"en-GB\"},{\"@type\":\"Organization\",\"@id\":\"https:\\\/\\\/www.graniittiservices.fi\\\/#organization\",\"name\":\"Graniitti Services\",\"url\":\"https:\\\/\\\/www.graniittiservices.fi\\\/\",\"logo\":{\"@type\":\"ImageObject\",\"inLanguage\":\"en-GB\",\"@id\":\"https:\\\/\\\/www.graniittiservices.fi\\\/#\\\/schema\\\/logo\\\/image\\\/\",\"url\":\"\",\"contentUrl\":\"\",\"caption\":\"Graniitti Services\"},\"image\":{\"@id\":\"https:\\\/\\\/www.graniittiservices.fi\\\/#\\\/schema\\\/logo\\\/image\\\/\"},\"sameAs\":[\"https:\\\/\\\/www.facebook.com\\\/graniittiservices\",\"https:\\\/\\\/www.linkedin.com\\\/company\\\/graniitti-services\"]}]}<\/script>\n<!-- \/ Yoast SEO plugin. -->","yoast_head_json":{"title":"P\u00e4ivi Williams - Granite Services","description":"P\u00e4ivi Williams | Quality Assurance Professional Test Manager and Tester. I am an ISTQB certified testing professional.","robots":{"index":"index","follow":"follow","max-snippet":"max-snippet:-1","max-image-preview":"max-image-preview:large","max-video-preview":"max-video-preview:-1"},"canonical":"https:\/\/www.graniittiservices.fi\/en\/paivi-williams\/","og_locale":"en_GB","og_type":"article","og_title":"P\u00e4ivi Williams - Graniitti Services","og_description":"P\u00e4ivi Williams | Laadunvarmistuksen ammattilainen Testausp\u00e4\u00e4llikk\u00f6 ja testaaja. Olen ISTQB sertifioitu testauksen ammattilainen.","og_url":"https:\/\/www.graniittiservices.fi\/en\/paivi-williams\/","og_site_name":"Graniitti Services","article_publisher":"https:\/\/www.facebook.com\/graniittiservices","article_modified_time":"2024-11-01T08:44:28+00:00","og_image":[{"width":1591,"height":2146,"url":"https:\/\/www.graniittiservices.fi\/wp-content\/uploads\/2024\/06\/williams-paivi-001-kopio-2-scaled-e1726574574388.jpg","type":"image\/jpeg"}],"twitter_card":"summary_large_image","twitter_misc":{"Estimated reading time":"1 minute"},"schema":{"@context":"https:\/\/schema.org","@graph":[{"@type":"WebPage","@id":"https:\/\/www.graniittiservices.fi\/paivi-williams\/","url":"https:\/\/www.graniittiservices.fi\/paivi-williams\/","name":"P\u00e4ivi Williams - Granite Services","isPartOf":{"@id":"https:\/\/www.graniittiservices.fi\/#website"},"primaryImageOfPage":{"@id":"https:\/\/www.graniittiservices.fi\/paivi-williams\/#primaryimage"},"image":{"@id":"https:\/\/www.graniittiservices.fi\/paivi-williams\/#primaryimage"},"thumbnailUrl":"https:\/\/www.graniittiservices.fi\/wp-content\/uploads\/2024\/06\/williams-paivi-001-kopio-2-scaled-e1726574574388-759x1024.jpg","datePublished":"2022-03-29T10:35:14+00:00","dateModified":"2024-11-01T08:44:28+00:00","description":"P\u00e4ivi Williams | Quality Assurance Professional Test Manager and Tester. I am an ISTQB certified testing professional.","breadcrumb":{"@id":"https:\/\/www.graniittiservices.fi\/paivi-williams\/#breadcrumb"},"inLanguage":"en-GB","potentialAction":[{"@type":"ReadAction","target":["https:\/\/www.graniittiservices.fi\/paivi-williams\/"]}]},{"@type":"ImageObject","inLanguage":"en-GB","@id":"https:\/\/www.graniittiservices.fi\/paivi-williams\/#primaryimage","url":"https:\/\/www.graniittiservices.fi\/wp-content\/uploads\/2024\/06\/williams-paivi-001-kopio-2-scaled-e1726574574388-759x1024.jpg","contentUrl":"https:\/\/www.graniittiservices.fi\/wp-content\/uploads\/2024\/06\/williams-paivi-001-kopio-2-scaled-e1726574574388-759x1024.jpg"},{"@type":"BreadcrumbList","@id":"https:\/\/www.graniittiservices.fi\/paivi-williams\/#breadcrumb","itemListElement":[{"@type":"ListItem","position":1,"name":"Etusivu","item":"https:\/\/www.graniittiservices.fi\/"},{"@type":"ListItem","position":2,"name":"P\u00e4ivi Williams"}]},{"@type":"WebSite","@id":"https:\/\/www.graniittiservices.fi\/#website","url":"https:\/\/www.graniittiservices.fi\/","name":"Granite Services","description":"Ensure the success of the development project","publisher":{"@id":"https:\/\/www.graniittiservices.fi\/#organization"},"potentialAction":[{"@type":"SearchAction","target":{"@type":"EntryPoint","urlTemplate":"https:\/\/www.graniittiservices.fi\/?s={search_term_string}"},"query-input":{"@type":"PropertyValueSpecification","valueRequired":true,"valueName":"search_term_string"}}],"inLanguage":"en-GB"},{"@type":"Organization","@id":"https:\/\/www.graniittiservices.fi\/#organization","name":"Granite Services","url":"https:\/\/www.graniittiservices.fi\/","logo":{"@type":"ImageObject","inLanguage":"en-GB","@id":"https:\/\/www.graniittiservices.fi\/#\/schema\/logo\/image\/","url":"","contentUrl":"","caption":"Graniitti Services"},"image":{"@id":"https:\/\/www.graniittiservices.fi\/#\/schema\/logo\/image\/"},"sameAs":["https:\/\/www.facebook.com\/graniittiservices","https:\/\/www.linkedin.com\/company\/graniitti-services"]}]}},"_links":{"self":[{"href":"https:\/\/www.graniittiservices.fi\/en\/wp-json\/wp\/v2\/pages\/1289","targetHints":{"allow":["GET"]}}],"collection":[{"href":"https:\/\/www.graniittiservices.fi\/en\/wp-json\/wp\/v2\/pages"}],"about":[{"href":"https:\/\/www.graniittiservices.fi\/en\/wp-json\/wp\/v2\/types\/page"}],"author":[{"embeddable":true,"href":"https:\/\/www.graniittiservices.fi\/en\/wp-json\/wp\/v2\/users\/6"}],"replies":[{"embeddable":true,"href":"https:\/\/www.graniittiservices.fi\/en\/wp-json\/wp\/v2\/comments?post=1289"}],"version-history":[{"count":0,"href":"https:\/\/www.graniittiservices.fi\/en\/wp-json\/wp\/v2\/pages\/1289\/revisions"}],"wp:attachment":[{"href":"https:\/\/www.graniittiservices.fi\/en\/wp-json\/wp\/v2\/media?parent=1289"}],"curies":[{"name":"wp","href":"https:\/\/api.w.org\/{rel}","templated":true}]}}