{"id":20886,"date":"2025-10-21T11:41:51","date_gmt":"2025-10-21T08:41:51","guid":{"rendered":"https:\/\/www.graniittiservices.fi\/?page_id=20886"},"modified":"2025-10-21T12:31:30","modified_gmt":"2025-10-21T09:31:30","slug":"ida-tyni","status":"publish","type":"page","link":"https:\/\/www.graniittiservices.fi\/en\/ida-tyni\/","title":{"rendered":"Ida Tyni"},"content":{"rendered":"<div data-elementor-type=\"wp-page\" data-elementor-id=\"20886\" class=\"elementor elementor-20886\" data-elementor-post-type=\"page\">\n\t\t\t\t\t\t<section data-particle_enable=\"false\" data-particle-mobile-disabled=\"false\" class=\"elementor-section elementor-top-section elementor-element elementor-element-a91d7b0 elementor-section-boxed elementor-section-height-default elementor-section-height-default\" data-id=\"a91d7b0\" data-element_type=\"section\" data-e-type=\"section\">\n\t\t\t\t\t\t<div class=\"elementor-container elementor-column-gap-default\">\n\t\t\t\t\t<div class=\"elementor-column elementor-col-100 elementor-top-column elementor-element elementor-element-0d2445a\" data-id=\"0d2445a\" data-element_type=\"column\" data-e-type=\"column\">\n\t\t\t<div class=\"elementor-widget-wrap elementor-element-populated\">\n\t\t\t\t\t\t<div class=\"elementor-element elementor-element-e336916 elementor-widget elementor-widget-button\" data-id=\"e336916\" data-element_type=\"widget\" data-e-type=\"widget\" data-widget_type=\"button.default\">\n\t\t\t\t<div class=\"elementor-widget-container\">\n\t\t\t\t\t\t\t\t\t<div class=\"elementor-button-wrapper\">\n\t\t\t\t\t<a class=\"elementor-button elementor-button-link elementor-size-sm\" href=\"https:\/\/www.graniittiservices.fi\/en\/asiantuntijamme\/\">\n\t\t\t\t\t\t<span class=\"elementor-button-content-wrapper\">\n\t\t\t\t\t\t<span class=\"elementor-button-icon\">\n\t\t\t\t<svg xmlns=\"http:\/\/www.w3.org\/2000\/svg\" xmlns:xlink=\"http:\/\/www.w3.org\/1999\/xlink\" width=\"256px\" height=\"256px\" viewbox=\"0 0 32 32\" fill=\"#000000\"><g id=\"SVGRepo_bgCarrier\" stroke-width=\"0\"><\/g><g id=\"SVGRepo_tracerCarrier\" stroke-linecap=\"round\" stroke-linejoin=\"round\"><\/g><g id=\"SVGRepo_iconCarrier\"><g id=\"icomoon-ignore\"> <\/g><path d=\"M12.792 15.233l-0.754 0.754 6.035 6.035 0.754-0.754-5.281-5.281 5.256-5.256-0.754-0.754-3.013 3.013z\" fill=\"#000000\"> <\/path><\/g><\/svg>\t\t\t<\/span>\n\t\t\t\t\t\t\t\t\t<span class=\"elementor-button-text\">People<\/span>\n\t\t\t\t\t<\/span>\n\t\t\t\t\t<\/a>\n\t\t\t\t<\/div>\n\t\t\t\t\t\t\t\t<\/div>\n\t\t\t\t<\/div>\n\t\t\t\t\t<\/div>\n\t\t<\/div>\n\t\t\t\t\t<\/div>\n\t\t<\/section>\n\t\t\t\t<section data-particle_enable=\"false\" data-particle-mobile-disabled=\"false\" class=\"elementor-section elementor-top-section elementor-element elementor-element-8a7f4f3 elementor-section-content-middle elementor-section-boxed elementor-section-height-default elementor-section-height-default\" data-id=\"8a7f4f3\" data-element_type=\"section\" data-e-type=\"section\" data-settings=\"{&quot;background_background&quot;:&quot;classic&quot;}\">\n\t\t\t\t\t\t<div class=\"elementor-container elementor-column-gap-extended\">\n\t\t\t\t\t<div class=\"elementor-column elementor-col-50 elementor-top-column elementor-element elementor-element-ec5b964\" data-id=\"ec5b964\" data-element_type=\"column\" data-e-type=\"column\">\n\t\t\t<div class=\"elementor-widget-wrap elementor-element-populated\">\n\t\t\t\t\t\t<div class=\"elementor-element elementor-element-d5a0b0c elementor-widget elementor-widget-image\" data-id=\"d5a0b0c\" data-element_type=\"widget\" data-e-type=\"widget\" data-widget_type=\"image.default\">\n\t\t\t\t<div class=\"elementor-widget-container\">\n\t\t\t\t\t\t\t\t\t\t\t\t\t\t\t<img decoding=\"async\" width=\"1365\" height=\"1795\" src=\"https:\/\/www.graniittiservices.fi\/wp-content\/uploads\/2025\/10\/Ida-Tyni-kuva-e1761036040853.png\" class=\"attachment-large size-large wp-image-21105\" alt=\"\" srcset=\"https:\/\/www.graniittiservices.fi\/wp-content\/uploads\/2025\/10\/Ida-Tyni-kuva-e1761036040853.png 1365w, https:\/\/www.graniittiservices.fi\/wp-content\/uploads\/2025\/10\/Ida-Tyni-kuva-e1761036040853-9x12.png 9w, https:\/\/www.graniittiservices.fi\/wp-content\/uploads\/2025\/10\/Ida-Tyni-kuva-e1761036040853-1168x1536.png 1168w, https:\/\/www.graniittiservices.fi\/wp-content\/uploads\/2025\/10\/Ida-Tyni-kuva-e1761036040853-768x1010.png 768w\" sizes=\"(max-width: 1365px) 100vw, 1365px\" \/>\t\t\t\t\t\t\t\t\t\t\t\t\t\t\t<\/div>\n\t\t\t\t<\/div>\n\t\t\t\t\t<\/div>\n\t\t<\/div>\n\t\t\t\t<div class=\"elementor-column elementor-col-50 elementor-top-column elementor-element elementor-element-c3d573e\" data-id=\"c3d573e\" data-element_type=\"column\" data-e-type=\"column\">\n\t\t\t<div class=\"elementor-widget-wrap elementor-element-populated\">\n\t\t\t\t\t\t<div class=\"elementor-element elementor-element-e2f2d1f animated-slow elementor-invisible elementor-widget elementor-widget-heading\" data-id=\"e2f2d1f\" data-element_type=\"widget\" data-e-type=\"widget\" data-settings=\"{&quot;_animation&quot;:&quot;fadeIn&quot;}\" data-widget_type=\"heading.default\">\n\t\t\t\t<div class=\"elementor-widget-container\">\n\t\t\t\t\t<h1 class=\"elementor-heading-title elementor-size-default\">Ida Tyni<\/h1>\t\t\t\t<\/div>\n\t\t\t\t<\/div>\n\t\t\t\t<div class=\"elementor-element elementor-element-a481f02 animated-slow elementor-invisible elementor-widget elementor-widget-heading\" data-id=\"a481f02\" data-element_type=\"widget\" data-e-type=\"widget\" data-settings=\"{&quot;_animation&quot;:&quot;fadeIn&quot;}\" data-widget_type=\"heading.default\">\n\t\t\t\t<div class=\"elementor-widget-container\">\n\t\t\t\t\t<h3 class=\"elementor-heading-title elementor-size-default\">Business Analyst - CRM, Digital Banking &amp; Customer Experience<\/h3>\t\t\t\t<\/div>\n\t\t\t\t<\/div>\n\t\t\t\t<div class=\"elementor-element elementor-element-76822cc elementor-align-left elementor-widget elementor-widget-button\" data-id=\"76822cc\" data-element_type=\"widget\" data-e-type=\"widget\" data-widget_type=\"button.default\">\n\t\t\t\t<div class=\"elementor-widget-container\">\n\t\t\t\t\t\t\t\t\t<div class=\"elementor-button-wrapper\">\n\t\t\t\t\t<a class=\"elementor-button elementor-button-link elementor-size-sm\" href=\"mailto:ida.tyni@graniittiservices.fi\">\n\t\t\t\t\t\t<span class=\"elementor-button-content-wrapper\">\n\t\t\t\t\t\t\t\t\t<span class=\"elementor-button-text\">ida.tyni@graniittiservices.fi<\/span>\n\t\t\t\t\t<\/span>\n\t\t\t\t\t<\/a>\n\t\t\t\t<\/div>\n\t\t\t\t\t\t\t\t<\/div>\n\t\t\t\t<\/div>\n\t\t\t\t<div class=\"elementor-element elementor-element-556354d elementor-align-left elementor-widget elementor-widget-button\" data-id=\"556354d\" data-element_type=\"widget\" data-e-type=\"widget\" data-widget_type=\"button.default\">\n\t\t\t\t<div class=\"elementor-widget-container\">\n\t\t\t\t\t\t\t\t\t<div class=\"elementor-button-wrapper\">\n\t\t\t\t\t<a class=\"elementor-button elementor-button-link elementor-size-sm\" href=\"tel:0404791532\">\n\t\t\t\t\t\t<span class=\"elementor-button-content-wrapper\">\n\t\t\t\t\t\t\t\t\t<span class=\"elementor-button-text\">040 479 1532<\/span>\n\t\t\t\t\t<\/span>\n\t\t\t\t\t<\/a>\n\t\t\t\t<\/div>\n\t\t\t\t\t\t\t\t<\/div>\n\t\t\t\t<\/div>\n\t\t\t\t<div class=\"elementor-element elementor-element-b2a0048 elementor-align-left elementor-widget elementor-widget-button\" data-id=\"b2a0048\" data-element_type=\"widget\" data-e-type=\"widget\" data-widget_type=\"button.default\">\n\t\t\t\t<div class=\"elementor-widget-container\">\n\t\t\t\t\t\t\t\t\t<div class=\"elementor-button-wrapper\">\n\t\t\t\t\t<a class=\"elementor-button elementor-button-link elementor-size-sm\" href=\"https:\/\/www.linkedin.com\/in\/idatyni?miniProfileUrn=urn%3Ali%3Afs_miniProfile%3AACoAAC1WQvMBjfc-NOWossPpBjwFEPe7P1dRww0&#038;lipi=urn%3Ali%3Apage%3Ad_flagship3_search_srp_all%3Bh2b2Twr%2FTKqsj%2FLolH1s2w%3D%3D\">\n\t\t\t\t\t\t<span class=\"elementor-button-content-wrapper\">\n\t\t\t\t\t\t<span class=\"elementor-button-icon\">\n\t\t\t\t<svg aria-hidden=\"true\" class=\"e-font-icon-svg e-fab-linkedin-in\" viewbox=\"0 0 448 512\" xmlns=\"http:\/\/www.w3.org\/2000\/svg\"><path d=\"M100.28 448H7.4V148.9h92.88zM53.79 108.1C24.09 108.1 0 83.5 0 53.8a53.79 53.79 0 0 1 107.58 0c0 29.7-24.1 54.3-53.79 54.3zM447.9 448h-92.68V302.4c0-34.7-.7-79.2-48.29-79.2-48.29 0-55.69 37.7-55.69 76.7V448h-92.78V148.9h89.08v40.8h1.3c12.4-23.5 42.69-48.3 87.88-48.3 94 0 111.28 61.9 111.28 142.3V448z\"><\/path><\/svg>\t\t\t<\/span>\n\t\t\t\t\t\t\t\t\t<span class=\"elementor-button-text\">LinkedIn<\/span>\n\t\t\t\t\t<\/span>\n\t\t\t\t\t<\/a>\n\t\t\t\t<\/div>\n\t\t\t\t\t\t\t\t<\/div>\n\t\t\t\t<\/div>\n\t\t\t\t<div class=\"elementor-element elementor-element-a8ef804 elementor-widget elementor-widget-text-editor\" data-id=\"a8ef804\" data-element_type=\"widget\" data-e-type=\"widget\" data-widget_type=\"text-editor.default\">\n\t\t\t\t<div class=\"elementor-widget-container\">\n\t\t\t\t\t\t\t\t\t<div><p class=\"paragraph\">I am an experienced banking business analyst with a strong background in developing multi-channel customer service. For five years, I have been responsible for developing customer service processes, web content and systems to improve the customer experience. I have trained users on new systems and acted as a main user, ensuring smooth operations and user support.<\/p><p class=\"paragraph\">I have developed business processes and made change proposals that have made the work of employees easier and improved the smoothness of services from the customer&#039;s perspective.<\/p><\/div><div><p class=\"paragraph\">In recent years, I have worked as a business specifier on a CRM project, focusing on customer service processes, credit risk management, know your customer (KYC), and anti-money laundering and counter-terrorism requirements. I work agilely across different vendors and development teams, seeking business-appropriate solutions that are technically feasible, cost-effective, and meet regulatory requirements.<\/p><p class=\"paragraph\">In my work, I emphasize practicality and customer orientation so that solutions create real value for both customers and personnel.<\/p><\/div>\t\t\t\t\t\t\t\t<\/div>\n\t\t\t\t<\/div>\n\t\t\t\t<div class=\"elementor-element elementor-element-937b85f animated-slow elementor-invisible elementor-widget elementor-widget-heading\" data-id=\"937b85f\" data-element_type=\"widget\" data-e-type=\"widget\" data-settings=\"{&quot;_animation&quot;:&quot;fadeIn&quot;}\" data-widget_type=\"heading.default\">\n\t\t\t\t<div class=\"elementor-widget-container\">\n\t\t\t\t\t<h2 class=\"elementor-heading-title elementor-size-default\">Key competencies:<\/h2>\t\t\t\t<\/div>\n\t\t\t\t<\/div>\n\t\t\t\t<section data-particle_enable=\"false\" data-particle-mobile-disabled=\"false\" class=\"elementor-section elementor-inner-section elementor-element elementor-element-24d4faf elementor-section-boxed elementor-section-height-default elementor-section-height-default\" data-id=\"24d4faf\" data-element_type=\"section\" data-e-type=\"section\">\n\t\t\t\t\t\t<div class=\"elementor-container elementor-column-gap-default\">\n\t\t\t\t\t<div class=\"elementor-column elementor-col-50 elementor-inner-column elementor-element elementor-element-97f7354\" data-id=\"97f7354\" data-element_type=\"column\" data-e-type=\"column\">\n\t\t\t<div class=\"elementor-widget-wrap elementor-element-populated\">\n\t\t\t\t\t\t<div class=\"elementor-element elementor-element-3ca44bb elementor-widget__width-initial elementor-widget elementor-widget-text-editor\" data-id=\"3ca44bb\" data-element_type=\"widget\" data-e-type=\"widget\" data-widget_type=\"text-editor.default\">\n\t\t\t\t<div class=\"elementor-widget-container\">\n\t\t\t\t\t\t\t\t\t<ul><li><div>Developing multi-channel customer service<\/div><\/li><li>System expertise and super user role<\/li><li><div>CRM project expertise with a business focus<\/div><\/li><li><div>Business process development<\/div><\/li><li><div>Agile collaboration with different suppliers and teams<\/div><\/li><\/ul>\t\t\t\t\t\t\t\t<\/div>\n\t\t\t\t<\/div>\n\t\t\t\t\t<\/div>\n\t\t<\/div>\n\t\t\t\t<div class=\"elementor-column elementor-col-50 elementor-inner-column elementor-element elementor-element-e86d987\" data-id=\"e86d987\" data-element_type=\"column\" data-e-type=\"column\">\n\t\t\t<div class=\"elementor-widget-wrap elementor-element-populated\">\n\t\t\t\t\t\t<div class=\"elementor-element elementor-element-d081f55 elementor-widget__width-initial elementor-widget elementor-widget-text-editor\" data-id=\"d081f55\" data-element_type=\"widget\" data-e-type=\"widget\" data-widget_type=\"text-editor.default\">\n\t\t\t\t<div class=\"elementor-widget-container\">\n\t\t\t\t\t\t\t\t\t<ul><li><div>Taking compliance and legal requirements into account in development work<\/div><\/li><li><div>Improving customer experience through systems and processes<\/div><\/li><li><div>Solution-focused and cost-effective development work<\/div><\/li><li><div>Communication and documentation between business and IT<\/div><\/li><\/ul>\t\t\t\t\t\t\t\t<\/div>\n\t\t\t\t<\/div>\n\t\t\t\t\t<\/div>\n\t\t<\/div>\n\t\t\t\t\t<\/div>\n\t\t<\/section>\n\t\t\t\t<div class=\"elementor-element elementor-element-8d912a3 elementor-widget elementor-widget-spacer\" data-id=\"8d912a3\" data-element_type=\"widget\" data-e-type=\"widget\" data-widget_type=\"spacer.default\">\n\t\t\t\t<div class=\"elementor-widget-container\">\n\t\t\t\t\t\t\t<div class=\"elementor-spacer\">\n\t\t\t<div class=\"elementor-spacer-inner\"><\/div>\n\t\t<\/div>\n\t\t\t\t\t\t<\/div>\n\t\t\t\t<\/div>\n\t\t\t\t\t<\/div>\n\t\t<\/div>\n\t\t\t\t\t<\/div>\n\t\t<\/section>\n\t\t\t\t<\/div>","protected":false},"excerpt":{"rendered":"<p>Ihmiset Ida Tyni Business Analyst \u2013 CRM, Digital Banking &amp; Customer Experience ida.tyni@graniittiservices.fi 040 479 1532 Linkedin Olen kokenut pankkiliiketoiminnan business analyst, jolla on vahva tausta monikanavaisen asiakaspalvelun kehitt\u00e4misest\u00e4. Viiden vuoden ajan olen vastannut asiakaspalveluprosessien, verkkosis\u00e4lt\u00f6jen ja j\u00e4rjestelmien kehitt\u00e4misest\u00e4 asiakaskokemuksen parantamiseksi. Olen kouluttanut k\u00e4ytt\u00e4ji\u00e4 uusien j\u00e4rjestelmien k\u00e4ytt\u00f6\u00f6n ja toiminut p\u00e4\u00e4k\u00e4ytt\u00e4j\u00e4n\u00e4, varmistaen sujuvan toiminnan ja k\u00e4ytt\u00e4jien [&hellip;]<\/p>\n","protected":false},"author":6,"featured_media":0,"parent":0,"menu_order":0,"comment_status":"closed","ping_status":"closed","template":"elementor_header_footer","meta":{"_eb_attr":"","_monsterinsights_skip_tracking":false,"_monsterinsights_sitenote_active":false,"_monsterinsights_sitenote_note":"","_monsterinsights_sitenote_category":0,"footnotes":""},"class_list":["post-20886","page","type-page","status-publish","hentry"],"yoast_head":"<!-- This site is optimized with the Yoast SEO plugin v27.4 - https:\/\/yoast.com\/product\/yoast-seo-wordpress\/ -->\n<title>Ida Tyni - Graniitti Services<\/title>\n<meta name=\"description\" content=\"Ida Tyni: Business Analyst \u2013 CRM, Digital Banking &amp; Customer Experience. Olen kokenut pankkiliiketoiminnan business analyst, jolla on...\" \/>\n<meta name=\"robots\" content=\"index, follow, max-snippet:-1, max-image-preview:large, max-video-preview:-1\" \/>\n<link rel=\"canonical\" href=\"https:\/\/www.graniittiservices.fi\/en\/ida-tyni\/\" \/>\n<meta property=\"og:locale\" content=\"en_GB\" \/>\n<meta property=\"og:type\" content=\"article\" \/>\n<meta property=\"og:title\" content=\"Ida Tyni - Graniitti Services\" \/>\n<meta property=\"og:description\" content=\"Ida Tyni: Business Analyst \u2013 CRM, Digital Banking &amp; Customer Experience. Olen kokenut pankkiliiketoiminnan business analyst, jolla on...\" \/>\n<meta property=\"og:url\" content=\"https:\/\/www.graniittiservices.fi\/en\/ida-tyni\/\" \/>\n<meta property=\"og:site_name\" content=\"Graniitti Services\" \/>\n<meta property=\"article:publisher\" content=\"https:\/\/www.facebook.com\/graniittiservices\" \/>\n<meta property=\"article:modified_time\" content=\"2025-10-21T09:31:30+00:00\" \/>\n<meta property=\"og:image\" content=\"https:\/\/www.graniittiservices.fi\/wp-content\/uploads\/2025\/10\/Ida-Tyni-kuva-e1761036040853.png\" \/>\n\t<meta property=\"og:image:width\" content=\"1365\" \/>\n\t<meta property=\"og:image:height\" content=\"1795\" \/>\n\t<meta property=\"og:image:type\" content=\"image\/png\" \/>\n<meta name=\"twitter:card\" content=\"summary_large_image\" \/>\n<meta name=\"twitter:label1\" content=\"Estimated reading time\" \/>\n\t<meta name=\"twitter:data1\" content=\"2 minutes\" \/>\n<script type=\"application\/ld+json\" class=\"yoast-schema-graph\">{\"@context\":\"https:\\\/\\\/schema.org\",\"@graph\":[{\"@type\":\"WebPage\",\"@id\":\"https:\\\/\\\/www.graniittiservices.fi\\\/ida-tyni\\\/\",\"url\":\"https:\\\/\\\/www.graniittiservices.fi\\\/ida-tyni\\\/\",\"name\":\"Ida Tyni - Graniitti Services\",\"isPartOf\":{\"@id\":\"https:\\\/\\\/www.graniittiservices.fi\\\/#website\"},\"primaryImageOfPage\":{\"@id\":\"https:\\\/\\\/www.graniittiservices.fi\\\/ida-tyni\\\/#primaryimage\"},\"image\":{\"@id\":\"https:\\\/\\\/www.graniittiservices.fi\\\/ida-tyni\\\/#primaryimage\"},\"thumbnailUrl\":\"https:\\\/\\\/www.graniittiservices.fi\\\/wp-content\\\/uploads\\\/2025\\\/10\\\/Ida-Tyni-kuva-e1761036040853.png\",\"datePublished\":\"2025-10-21T08:41:51+00:00\",\"dateModified\":\"2025-10-21T09:31:30+00:00\",\"description\":\"Ida Tyni: Business Analyst \u2013 CRM, Digital Banking & Customer Experience. Olen kokenut pankkiliiketoiminnan business analyst, jolla on...\",\"breadcrumb\":{\"@id\":\"https:\\\/\\\/www.graniittiservices.fi\\\/ida-tyni\\\/#breadcrumb\"},\"inLanguage\":\"en-GB\",\"potentialAction\":[{\"@type\":\"ReadAction\",\"target\":[\"https:\\\/\\\/www.graniittiservices.fi\\\/ida-tyni\\\/\"]}]},{\"@type\":\"ImageObject\",\"inLanguage\":\"en-GB\",\"@id\":\"https:\\\/\\\/www.graniittiservices.fi\\\/ida-tyni\\\/#primaryimage\",\"url\":\"https:\\\/\\\/www.graniittiservices.fi\\\/wp-content\\\/uploads\\\/2025\\\/10\\\/Ida-Tyni-kuva-e1761036040853.png\",\"contentUrl\":\"https:\\\/\\\/www.graniittiservices.fi\\\/wp-content\\\/uploads\\\/2025\\\/10\\\/Ida-Tyni-kuva-e1761036040853.png\"},{\"@type\":\"BreadcrumbList\",\"@id\":\"https:\\\/\\\/www.graniittiservices.fi\\\/ida-tyni\\\/#breadcrumb\",\"itemListElement\":[{\"@type\":\"ListItem\",\"position\":1,\"name\":\"Etusivu\",\"item\":\"https:\\\/\\\/www.graniittiservices.fi\\\/\"},{\"@type\":\"ListItem\",\"position\":2,\"name\":\"Ida Tyni\"}]},{\"@type\":\"WebSite\",\"@id\":\"https:\\\/\\\/www.graniittiservices.fi\\\/#website\",\"url\":\"https:\\\/\\\/www.graniittiservices.fi\\\/\",\"name\":\"Graniitti Services\",\"description\":\"Kovia tekoja, kivoja tyyppej\u00e4\",\"publisher\":{\"@id\":\"https:\\\/\\\/www.graniittiservices.fi\\\/#organization\"},\"potentialAction\":[{\"@type\":\"SearchAction\",\"target\":{\"@type\":\"EntryPoint\",\"urlTemplate\":\"https:\\\/\\\/www.graniittiservices.fi\\\/?s={search_term_string}\"},\"query-input\":{\"@type\":\"PropertyValueSpecification\",\"valueRequired\":true,\"valueName\":\"search_term_string\"}}],\"inLanguage\":\"en-GB\"},{\"@type\":\"Organization\",\"@id\":\"https:\\\/\\\/www.graniittiservices.fi\\\/#organization\",\"name\":\"Graniitti Services\",\"url\":\"https:\\\/\\\/www.graniittiservices.fi\\\/\",\"logo\":{\"@type\":\"ImageObject\",\"inLanguage\":\"en-GB\",\"@id\":\"https:\\\/\\\/www.graniittiservices.fi\\\/#\\\/schema\\\/logo\\\/image\\\/\",\"url\":\"\",\"contentUrl\":\"\",\"caption\":\"Graniitti Services\"},\"image\":{\"@id\":\"https:\\\/\\\/www.graniittiservices.fi\\\/#\\\/schema\\\/logo\\\/image\\\/\"},\"sameAs\":[\"https:\\\/\\\/www.facebook.com\\\/graniittiservices\",\"https:\\\/\\\/www.linkedin.com\\\/company\\\/graniitti-services\"]}]}<\/script>\n<!-- \/ Yoast SEO plugin. -->","yoast_head_json":{"title":"Ida Tyni - Graniitti Services","description":"Ida Tyni: Business Analyst \u2013 CRM, Digital Banking & Customer Experience. Olen kokenut pankkiliiketoiminnan business analyst, jolla on...","robots":{"index":"index","follow":"follow","max-snippet":"max-snippet:-1","max-image-preview":"max-image-preview:large","max-video-preview":"max-video-preview:-1"},"canonical":"https:\/\/www.graniittiservices.fi\/en\/ida-tyni\/","og_locale":"en_GB","og_type":"article","og_title":"Ida Tyni - Graniitti Services","og_description":"Ida Tyni: Business Analyst \u2013 CRM, Digital Banking & Customer Experience. Olen kokenut pankkiliiketoiminnan business analyst, jolla on...","og_url":"https:\/\/www.graniittiservices.fi\/en\/ida-tyni\/","og_site_name":"Graniitti Services","article_publisher":"https:\/\/www.facebook.com\/graniittiservices","article_modified_time":"2025-10-21T09:31:30+00:00","og_image":[{"url":"https:\/\/www.graniittiservices.fi\/wp-content\/uploads\/2025\/10\/Ida-Tyni-kuva-e1761036040853.png","width":1365,"height":1795,"type":"image\/png"}],"twitter_card":"summary_large_image","twitter_misc":{"Estimated reading time":"2 minutes"},"schema":{"@context":"https:\/\/schema.org","@graph":[{"@type":"WebPage","@id":"https:\/\/www.graniittiservices.fi\/ida-tyni\/","url":"https:\/\/www.graniittiservices.fi\/ida-tyni\/","name":"Ida Tyni - Graniitti Services","isPartOf":{"@id":"https:\/\/www.graniittiservices.fi\/#website"},"primaryImageOfPage":{"@id":"https:\/\/www.graniittiservices.fi\/ida-tyni\/#primaryimage"},"image":{"@id":"https:\/\/www.graniittiservices.fi\/ida-tyni\/#primaryimage"},"thumbnailUrl":"https:\/\/www.graniittiservices.fi\/wp-content\/uploads\/2025\/10\/Ida-Tyni-kuva-e1761036040853.png","datePublished":"2025-10-21T08:41:51+00:00","dateModified":"2025-10-21T09:31:30+00:00","description":"Ida Tyni: Business Analyst \u2013 CRM, Digital Banking & Customer Experience. Olen kokenut pankkiliiketoiminnan business analyst, jolla on...","breadcrumb":{"@id":"https:\/\/www.graniittiservices.fi\/ida-tyni\/#breadcrumb"},"inLanguage":"en-GB","potentialAction":[{"@type":"ReadAction","target":["https:\/\/www.graniittiservices.fi\/ida-tyni\/"]}]},{"@type":"ImageObject","inLanguage":"en-GB","@id":"https:\/\/www.graniittiservices.fi\/ida-tyni\/#primaryimage","url":"https:\/\/www.graniittiservices.fi\/wp-content\/uploads\/2025\/10\/Ida-Tyni-kuva-e1761036040853.png","contentUrl":"https:\/\/www.graniittiservices.fi\/wp-content\/uploads\/2025\/10\/Ida-Tyni-kuva-e1761036040853.png"},{"@type":"BreadcrumbList","@id":"https:\/\/www.graniittiservices.fi\/ida-tyni\/#breadcrumb","itemListElement":[{"@type":"ListItem","position":1,"name":"Etusivu","item":"https:\/\/www.graniittiservices.fi\/"},{"@type":"ListItem","position":2,"name":"Ida Tyni"}]},{"@type":"WebSite","@id":"https:\/\/www.graniittiservices.fi\/#website","url":"https:\/\/www.graniittiservices.fi\/","name":"Granite Services","description":"Tough deeds, nice guys","publisher":{"@id":"https:\/\/www.graniittiservices.fi\/#organization"},"potentialAction":[{"@type":"SearchAction","target":{"@type":"EntryPoint","urlTemplate":"https:\/\/www.graniittiservices.fi\/?s={search_term_string}"},"query-input":{"@type":"PropertyValueSpecification","valueRequired":true,"valueName":"search_term_string"}}],"inLanguage":"en-GB"},{"@type":"Organization","@id":"https:\/\/www.graniittiservices.fi\/#organization","name":"Granite Services","url":"https:\/\/www.graniittiservices.fi\/","logo":{"@type":"ImageObject","inLanguage":"en-GB","@id":"https:\/\/www.graniittiservices.fi\/#\/schema\/logo\/image\/","url":"","contentUrl":"","caption":"Graniitti Services"},"image":{"@id":"https:\/\/www.graniittiservices.fi\/#\/schema\/logo\/image\/"},"sameAs":["https:\/\/www.facebook.com\/graniittiservices","https:\/\/www.linkedin.com\/company\/graniitti-services"]}]}},"_links":{"self":[{"href":"https:\/\/www.graniittiservices.fi\/en\/wp-json\/wp\/v2\/pages\/20886","targetHints":{"allow":["GET"]}}],"collection":[{"href":"https:\/\/www.graniittiservices.fi\/en\/wp-json\/wp\/v2\/pages"}],"about":[{"href":"https:\/\/www.graniittiservices.fi\/en\/wp-json\/wp\/v2\/types\/page"}],"author":[{"embeddable":true,"href":"https:\/\/www.graniittiservices.fi\/en\/wp-json\/wp\/v2\/users\/6"}],"replies":[{"embeddable":true,"href":"https:\/\/www.graniittiservices.fi\/en\/wp-json\/wp\/v2\/comments?post=20886"}],"version-history":[{"count":16,"href":"https:\/\/www.graniittiservices.fi\/en\/wp-json\/wp\/v2\/pages\/20886\/revisions"}],"predecessor-version":[{"id":21126,"href":"https:\/\/www.graniittiservices.fi\/en\/wp-json\/wp\/v2\/pages\/20886\/revisions\/21126"}],"wp:attachment":[{"href":"https:\/\/www.graniittiservices.fi\/en\/wp-json\/wp\/v2\/media?parent=20886"}],"curies":[{"name":"wp","href":"https:\/\/api.w.org\/{rel}","templated":true}]}}