{"id":21248,"date":"2025-11-03T09:08:39","date_gmt":"2025-11-03T07:08:39","guid":{"rendered":"https:\/\/www.graniittiservices.fi\/?page_id=21248"},"modified":"2025-11-11T09:00:30","modified_gmt":"2025-11-11T07:00:30","slug":"anssi-virtanen","status":"publish","type":"page","link":"https:\/\/www.graniittiservices.fi\/en\/anssi-virtanen\/","title":{"rendered":"Anssi Virtanen"},"content":{"rendered":"<div data-elementor-type=\"wp-page\" data-elementor-id=\"21248\" class=\"elementor elementor-21248\" data-elementor-post-type=\"page\">\n\t\t\t\t\t\t<section data-particle_enable=\"false\" data-particle-mobile-disabled=\"false\" class=\"elementor-section elementor-top-section elementor-element elementor-element-e245a77 elementor-section-boxed elementor-section-height-default elementor-section-height-default\" data-id=\"e245a77\" data-element_type=\"section\" data-e-type=\"section\">\n\t\t\t\t\t\t<div class=\"elementor-container elementor-column-gap-default\">\n\t\t\t\t\t<div class=\"elementor-column elementor-col-100 elementor-top-column elementor-element elementor-element-38cb066\" data-id=\"38cb066\" data-element_type=\"column\" data-e-type=\"column\">\n\t\t\t<div class=\"elementor-widget-wrap elementor-element-populated\">\n\t\t\t\t\t\t<div class=\"elementor-element elementor-element-631fcff elementor-widget elementor-widget-button\" data-id=\"631fcff\" data-element_type=\"widget\" data-e-type=\"widget\" data-widget_type=\"button.default\">\n\t\t\t\t<div class=\"elementor-widget-container\">\n\t\t\t\t\t\t\t\t\t<div class=\"elementor-button-wrapper\">\n\t\t\t\t\t<a class=\"elementor-button elementor-button-link elementor-size-sm\" href=\"https:\/\/www.graniittiservices.fi\/en\/asiantuntijamme\/\">\n\t\t\t\t\t\t<span class=\"elementor-button-content-wrapper\">\n\t\t\t\t\t\t<span class=\"elementor-button-icon\">\n\t\t\t\t<svg xmlns=\"http:\/\/www.w3.org\/2000\/svg\" xmlns:xlink=\"http:\/\/www.w3.org\/1999\/xlink\" width=\"256px\" height=\"256px\" viewbox=\"0 0 32 32\" fill=\"#000000\"><g id=\"SVGRepo_bgCarrier\" stroke-width=\"0\"><\/g><g id=\"SVGRepo_tracerCarrier\" stroke-linecap=\"round\" stroke-linejoin=\"round\"><\/g><g id=\"SVGRepo_iconCarrier\"><g id=\"icomoon-ignore\"> <\/g><path d=\"M12.792 15.233l-0.754 0.754 6.035 6.035 0.754-0.754-5.281-5.281 5.256-5.256-0.754-0.754-3.013 3.013z\" fill=\"#000000\"> <\/path><\/g><\/svg>\t\t\t<\/span>\n\t\t\t\t\t\t\t\t\t<span class=\"elementor-button-text\">People<\/span>\n\t\t\t\t\t<\/span>\n\t\t\t\t\t<\/a>\n\t\t\t\t<\/div>\n\t\t\t\t\t\t\t\t<\/div>\n\t\t\t\t<\/div>\n\t\t\t\t\t<\/div>\n\t\t<\/div>\n\t\t\t\t\t<\/div>\n\t\t<\/section>\n\t\t\t\t<section data-particle_enable=\"false\" data-particle-mobile-disabled=\"false\" class=\"elementor-section elementor-top-section elementor-element elementor-element-add6b84 elementor-section-content-middle elementor-section-boxed elementor-section-height-default elementor-section-height-default\" data-id=\"add6b84\" data-element_type=\"section\" data-e-type=\"section\" data-settings=\"{&quot;background_background&quot;:&quot;classic&quot;}\">\n\t\t\t\t\t\t<div class=\"elementor-container elementor-column-gap-extended\">\n\t\t\t\t\t<div class=\"elementor-column elementor-col-50 elementor-top-column elementor-element elementor-element-9bc856e\" data-id=\"9bc856e\" data-element_type=\"column\" data-e-type=\"column\">\n\t\t\t<div class=\"elementor-widget-wrap elementor-element-populated\">\n\t\t\t\t\t\t<div class=\"elementor-element elementor-element-12e1812 elementor-widget elementor-widget-image\" data-id=\"12e1812\" data-element_type=\"widget\" data-e-type=\"widget\" data-widget_type=\"image.default\">\n\t\t\t\t<div class=\"elementor-widget-container\">\n\t\t\t\t\t\t\t\t\t\t\t\t\t\t\t<img decoding=\"async\" width=\"480\" height=\"711\" src=\"https:\/\/www.graniittiservices.fi\/wp-content\/uploads\/2025\/11\/Virtanen_Anssi_480x711px.jpg\" class=\"attachment-large size-large wp-image-21249\" alt=\"Anssi Virtanen - Johtava hankinta-asiantuntija Graniitti Services\" srcset=\"https:\/\/www.graniittiservices.fi\/wp-content\/uploads\/2025\/11\/Virtanen_Anssi_480x711px.jpg 480w, https:\/\/www.graniittiservices.fi\/wp-content\/uploads\/2025\/11\/Virtanen_Anssi_480x711px-8x12.jpg 8w\" sizes=\"(max-width: 480px) 100vw, 480px\" \/>\t\t\t\t\t\t\t\t\t\t\t\t\t\t\t<\/div>\n\t\t\t\t<\/div>\n\t\t\t\t\t<\/div>\n\t\t<\/div>\n\t\t\t\t<div class=\"elementor-column elementor-col-50 elementor-top-column elementor-element elementor-element-671e9cf\" data-id=\"671e9cf\" data-element_type=\"column\" data-e-type=\"column\">\n\t\t\t<div class=\"elementor-widget-wrap elementor-element-populated\">\n\t\t\t\t\t\t<div class=\"elementor-element elementor-element-3323442 animated-slow elementor-invisible elementor-widget elementor-widget-heading\" data-id=\"3323442\" data-element_type=\"widget\" data-e-type=\"widget\" data-settings=\"{&quot;_animation&quot;:&quot;fadeIn&quot;}\" data-widget_type=\"heading.default\">\n\t\t\t\t<div class=\"elementor-widget-container\">\n\t\t\t\t\t<h1 class=\"elementor-heading-title elementor-size-default\">Anssi Virtanen<\/h1>\t\t\t\t<\/div>\n\t\t\t\t<\/div>\n\t\t\t\t<div class=\"elementor-element elementor-element-0be7827 animated-slow elementor-invisible elementor-widget elementor-widget-heading\" data-id=\"0be7827\" data-element_type=\"widget\" data-e-type=\"widget\" data-settings=\"{&quot;_animation&quot;:&quot;fadeIn&quot;}\" data-widget_type=\"heading.default\">\n\t\t\t\t<div class=\"elementor-widget-container\">\n\t\t\t\t\t<h3 class=\"elementor-heading-title elementor-size-default\">Procurement Specialist<\/h3>\t\t\t\t<\/div>\n\t\t\t\t<\/div>\n\t\t\t\t<div class=\"elementor-element elementor-element-b3d63c4 elementor-align-left elementor-widget elementor-widget-button\" data-id=\"b3d63c4\" data-element_type=\"widget\" data-e-type=\"widget\" data-widget_type=\"button.default\">\n\t\t\t\t<div class=\"elementor-widget-container\">\n\t\t\t\t\t\t\t\t\t<div class=\"elementor-button-wrapper\">\n\t\t\t\t\t<a class=\"elementor-button elementor-button-link elementor-size-sm\" href=\"mailto:anssi.virtanen@graniittiservices.fi\">\n\t\t\t\t\t\t<span class=\"elementor-button-content-wrapper\">\n\t\t\t\t\t\t\t\t\t<span class=\"elementor-button-text\">anssi.virtanen@graniittiservices.fi<\/span>\n\t\t\t\t\t<\/span>\n\t\t\t\t\t<\/a>\n\t\t\t\t<\/div>\n\t\t\t\t\t\t\t\t<\/div>\n\t\t\t\t<\/div>\n\t\t\t\t<div class=\"elementor-element elementor-element-6cb8f1e elementor-align-left elementor-widget elementor-widget-button\" data-id=\"6cb8f1e\" data-element_type=\"widget\" data-e-type=\"widget\" data-widget_type=\"button.default\">\n\t\t\t\t<div class=\"elementor-widget-container\">\n\t\t\t\t\t\t\t\t\t<div class=\"elementor-button-wrapper\">\n\t\t\t\t\t<a class=\"elementor-button elementor-button-link elementor-size-sm\" href=\"tel:+358400500203\">\n\t\t\t\t\t\t<span class=\"elementor-button-content-wrapper\">\n\t\t\t\t\t\t\t\t\t<span class=\"elementor-button-text\">+358 400 5002 03<\/span>\n\t\t\t\t\t<\/span>\n\t\t\t\t\t<\/a>\n\t\t\t\t<\/div>\n\t\t\t\t\t\t\t\t<\/div>\n\t\t\t\t<\/div>\n\t\t\t\t<div class=\"elementor-element elementor-element-d31d96a elementor-align-left elementor-widget elementor-widget-button\" data-id=\"d31d96a\" data-element_type=\"widget\" data-e-type=\"widget\" data-widget_type=\"button.default\">\n\t\t\t\t<div class=\"elementor-widget-container\">\n\t\t\t\t\t\t\t\t\t<div class=\"elementor-button-wrapper\">\n\t\t\t\t\t<a class=\"elementor-button elementor-button-link elementor-size-sm\" href=\"https:\/\/www.linkedin.com\/in\/anssi-virtanen-2732a758\/?lipi=urn%3Ali%3Apage%3Ad_flagship3_search_srp_people%3BQXtx89rqRcGM3KmMnx5%2BmA%3D%3D\">\n\t\t\t\t\t\t<span class=\"elementor-button-content-wrapper\">\n\t\t\t\t\t\t<span class=\"elementor-button-icon\">\n\t\t\t\t<svg aria-hidden=\"true\" class=\"e-font-icon-svg e-fab-linkedin-in\" viewbox=\"0 0 448 512\" xmlns=\"http:\/\/www.w3.org\/2000\/svg\"><path d=\"M100.28 448H7.4V148.9h92.88zM53.79 108.1C24.09 108.1 0 83.5 0 53.8a53.79 53.79 0 0 1 107.58 0c0 29.7-24.1 54.3-53.79 54.3zM447.9 448h-92.68V302.4c0-34.7-.7-79.2-48.29-79.2-48.29 0-55.69 37.7-55.69 76.7V448h-92.78V148.9h89.08v40.8h1.3c12.4-23.5 42.69-48.3 87.88-48.3 94 0 111.28 61.9 111.28 142.3V448z\"><\/path><\/svg>\t\t\t<\/span>\n\t\t\t\t\t\t\t\t\t<span class=\"elementor-button-text\">LinkedIn<\/span>\n\t\t\t\t\t<\/span>\n\t\t\t\t\t<\/a>\n\t\t\t\t<\/div>\n\t\t\t\t\t\t\t\t<\/div>\n\t\t\t\t<\/div>\n\t\t\t\t<div class=\"elementor-element elementor-element-6fd7074 elementor-widget elementor-widget-text-editor\" data-id=\"6fd7074\" data-element_type=\"widget\" data-e-type=\"widget\" data-widget_type=\"text-editor.default\">\n\t\t\t\t<div class=\"elementor-widget-container\">\n\t\t\t\t\t\t\t\t\t<p>I am a senior specialist in public procurement and contracts, whose goal is to create impact for clients through procurement.<\/p><p>A university degree in law and methodological sciences provides a solid foundation for analyzing and solving issues related to ICT procurement and contracts. Typical operational challenges to be solved include defining the object of the procurement and planning the procurement, adapting the information security requirements related to the object of the procurement to the interest to be protected, and data protection issues. These issues are fundamentally related to crystallizing and specifying issues.<\/p><p>I know how to utilize the opportunities of procurement procedures to achieve procurement goals. In addition to operational aspects of procurement, the strategies and tactics related to them are among my strengths.<\/p><p>I have over 20 years of experience in implementing public ICT procurement in various authorities and roles, where I am accustomed to challenging negotiation situations. I believe that the established procedures of public procurement are also useful in private sector procurement.<\/p><p>I am humorous and straightforward by nature, I easily make contacts and I can transmit my enthusiasm to others.\u00a0<\/p>\t\t\t\t\t\t\t\t<\/div>\n\t\t\t\t<\/div>\n\t\t\t\t<div class=\"elementor-element elementor-element-7dd5070 animated-slow elementor-invisible elementor-widget elementor-widget-heading\" data-id=\"7dd5070\" data-element_type=\"widget\" data-e-type=\"widget\" data-settings=\"{&quot;_animation&quot;:&quot;fadeIn&quot;}\" data-widget_type=\"heading.default\">\n\t\t\t\t<div class=\"elementor-widget-container\">\n\t\t\t\t\t<h2 class=\"elementor-heading-title elementor-size-default\">Key competencies:<\/h2>\t\t\t\t<\/div>\n\t\t\t\t<\/div>\n\t\t\t\t<section data-particle_enable=\"false\" data-particle-mobile-disabled=\"false\" class=\"elementor-section elementor-inner-section elementor-element elementor-element-697da10 elementor-section-boxed elementor-section-height-default elementor-section-height-default\" data-id=\"697da10\" data-element_type=\"section\" data-e-type=\"section\">\n\t\t\t\t\t\t<div class=\"elementor-container elementor-column-gap-default\">\n\t\t\t\t\t<div class=\"elementor-column elementor-col-50 elementor-inner-column elementor-element elementor-element-6bc7d1a\" data-id=\"6bc7d1a\" data-element_type=\"column\" data-e-type=\"column\">\n\t\t\t<div class=\"elementor-widget-wrap elementor-element-populated\">\n\t\t\t\t\t\t<div class=\"elementor-element elementor-element-201c719 elementor-widget__width-initial elementor-widget elementor-widget-text-editor\" data-id=\"201c719\" data-element_type=\"widget\" data-e-type=\"widget\" data-widget_type=\"text-editor.default\">\n\t\t\t\t<div class=\"elementor-widget-container\">\n\t\t\t\t\t\t\t\t\t<ul><li>ICT procurement<\/li><li>Contract management<\/li><li>Supplier management<\/li><\/ul>\t\t\t\t\t\t\t\t<\/div>\n\t\t\t\t<\/div>\n\t\t\t\t\t<\/div>\n\t\t<\/div>\n\t\t\t\t<div class=\"elementor-column elementor-col-50 elementor-inner-column elementor-element elementor-element-c876f7a\" data-id=\"c876f7a\" data-element_type=\"column\" data-e-type=\"column\">\n\t\t\t<div class=\"elementor-widget-wrap elementor-element-populated\">\n\t\t\t\t\t\t<div class=\"elementor-element elementor-element-a3d2e15 elementor-widget__width-initial elementor-widget elementor-widget-text-editor\" data-id=\"a3d2e15\" data-element_type=\"widget\" data-e-type=\"widget\" data-widget_type=\"text-editor.default\">\n\t\t\t\t<div class=\"elementor-widget-container\">\n\t\t\t\t\t\t\t\t\t<ul><li>Procurement information security<\/li><li>Data protection<\/li><\/ul>\t\t\t\t\t\t\t\t<\/div>\n\t\t\t\t<\/div>\n\t\t\t\t\t<\/div>\n\t\t<\/div>\n\t\t\t\t\t<\/div>\n\t\t<\/section>\n\t\t\t\t<div class=\"elementor-element elementor-element-69f6e36 elementor-widget elementor-widget-spacer\" data-id=\"69f6e36\" data-element_type=\"widget\" data-e-type=\"widget\" data-widget_type=\"spacer.default\">\n\t\t\t\t<div class=\"elementor-widget-container\">\n\t\t\t\t\t\t\t<div class=\"elementor-spacer\">\n\t\t\t<div class=\"elementor-spacer-inner\"><\/div>\n\t\t<\/div>\n\t\t\t\t\t\t<\/div>\n\t\t\t\t<\/div>\n\t\t\t\t\t<\/div>\n\t\t<\/div>\n\t\t\t\t\t<\/div>\n\t\t<\/section>\n\t\t\t\t<\/div>","protected":false},"excerpt":{"rendered":"<p>Ihmiset Anssi Virtanen Hankinta-asiantuntija anssi.virtanen@graniittiservices.fi tel:+358 400 5002 03 Linkedin Olen julkisten hankintojen ja sopimusten senioriasiantuntija, jonka tavoitteena on tuottaa hankintojen kautta asiakkaille vaikuttavuutta. Juridinen ja menetelm\u00e4tieteiden yliopistotutkinto antavat vankan pohjan analysoida ja ratkoa ICT-hankintoihin ja sopimuksiin liittyvi\u00e4 kysymyksi\u00e4. Tyypillisi\u00e4 ratkottavia operatiivisia haasteita ovat hankinnan kohteen m\u00e4\u00e4rittely ja hankinnan suunnittelu, hankinnan kohteeseen liittyv\u00e4n tietoturvan vaatimusten [&hellip;]<\/p>\n","protected":false},"author":6,"featured_media":0,"parent":0,"menu_order":0,"comment_status":"closed","ping_status":"closed","template":"elementor_header_footer","meta":{"_eb_attr":"","_monsterinsights_skip_tracking":false,"_monsterinsights_sitenote_active":false,"_monsterinsights_sitenote_note":"","_monsterinsights_sitenote_category":0,"footnotes":""},"class_list":["post-21248","page","type-page","status-publish","hentry"],"yoast_head":"<!-- This site is optimized with the Yoast SEO plugin v27.4 - https:\/\/yoast.com\/product\/yoast-seo-wordpress\/ -->\n<title>Anssi Virtanen - Graniitti Services<\/title>\n<meta name=\"description\" content=\"Anssi Virtanen - Hankinta-asiantuntija. Olen julkisten hankintojen ja sopimusten senioriasiantuntija, jonka tavoitteena on tuottaa...\" \/>\n<meta name=\"robots\" content=\"index, follow, max-snippet:-1, max-image-preview:large, max-video-preview:-1\" \/>\n<link rel=\"canonical\" href=\"https:\/\/www.graniittiservices.fi\/en\/anssi-virtanen\/\" \/>\n<meta property=\"og:locale\" content=\"en_GB\" \/>\n<meta property=\"og:type\" content=\"article\" \/>\n<meta property=\"og:title\" content=\"Anssi Virtanen - Graniitti Services\" \/>\n<meta property=\"og:description\" content=\"Anssi Virtanen - Hankinta-asiantuntija. Olen julkisten hankintojen ja sopimusten senioriasiantuntija, jonka tavoitteena on tuottaa...\" \/>\n<meta property=\"og:url\" content=\"https:\/\/www.graniittiservices.fi\/en\/anssi-virtanen\/\" \/>\n<meta property=\"og:site_name\" content=\"Graniitti Services\" \/>\n<meta property=\"article:publisher\" content=\"https:\/\/www.facebook.com\/graniittiservices\" \/>\n<meta property=\"article:modified_time\" content=\"2025-11-11T07:00:30+00:00\" \/>\n<meta property=\"og:image\" content=\"https:\/\/www.graniittiservices.fi\/wp-content\/uploads\/2025\/11\/Virtanen_Anssi_480x711px.jpg\" \/>\n<meta name=\"twitter:card\" content=\"summary_large_image\" \/>\n<meta name=\"twitter:label1\" content=\"Estimated reading time\" \/>\n\t<meta name=\"twitter:data1\" content=\"2 minutes\" \/>\n<script type=\"application\/ld+json\" class=\"yoast-schema-graph\">{\"@context\":\"https:\\\/\\\/schema.org\",\"@graph\":[{\"@type\":\"WebPage\",\"@id\":\"https:\\\/\\\/www.graniittiservices.fi\\\/anssi-virtanen\\\/\",\"url\":\"https:\\\/\\\/www.graniittiservices.fi\\\/anssi-virtanen\\\/\",\"name\":\"Anssi Virtanen - Graniitti Services\",\"isPartOf\":{\"@id\":\"https:\\\/\\\/www.graniittiservices.fi\\\/#website\"},\"primaryImageOfPage\":{\"@id\":\"https:\\\/\\\/www.graniittiservices.fi\\\/anssi-virtanen\\\/#primaryimage\"},\"image\":{\"@id\":\"https:\\\/\\\/www.graniittiservices.fi\\\/anssi-virtanen\\\/#primaryimage\"},\"thumbnailUrl\":\"https:\\\/\\\/www.graniittiservices.fi\\\/wp-content\\\/uploads\\\/2025\\\/11\\\/Virtanen_Anssi_480x711px.jpg\",\"datePublished\":\"2025-11-03T07:08:39+00:00\",\"dateModified\":\"2025-11-11T07:00:30+00:00\",\"description\":\"Anssi Virtanen - Hankinta-asiantuntija. Olen julkisten hankintojen ja sopimusten senioriasiantuntija, jonka tavoitteena on tuottaa...\",\"breadcrumb\":{\"@id\":\"https:\\\/\\\/www.graniittiservices.fi\\\/anssi-virtanen\\\/#breadcrumb\"},\"inLanguage\":\"en-GB\",\"potentialAction\":[{\"@type\":\"ReadAction\",\"target\":[\"https:\\\/\\\/www.graniittiservices.fi\\\/anssi-virtanen\\\/\"]}]},{\"@type\":\"ImageObject\",\"inLanguage\":\"en-GB\",\"@id\":\"https:\\\/\\\/www.graniittiservices.fi\\\/anssi-virtanen\\\/#primaryimage\",\"url\":\"https:\\\/\\\/www.graniittiservices.fi\\\/wp-content\\\/uploads\\\/2025\\\/11\\\/Virtanen_Anssi_480x711px.jpg\",\"contentUrl\":\"https:\\\/\\\/www.graniittiservices.fi\\\/wp-content\\\/uploads\\\/2025\\\/11\\\/Virtanen_Anssi_480x711px.jpg\"},{\"@type\":\"BreadcrumbList\",\"@id\":\"https:\\\/\\\/www.graniittiservices.fi\\\/anssi-virtanen\\\/#breadcrumb\",\"itemListElement\":[{\"@type\":\"ListItem\",\"position\":1,\"name\":\"Etusivu\",\"item\":\"https:\\\/\\\/www.graniittiservices.fi\\\/\"},{\"@type\":\"ListItem\",\"position\":2,\"name\":\"Anssi Virtanen\"}]},{\"@type\":\"WebSite\",\"@id\":\"https:\\\/\\\/www.graniittiservices.fi\\\/#website\",\"url\":\"https:\\\/\\\/www.graniittiservices.fi\\\/\",\"name\":\"Graniitti Services\",\"description\":\"Varmista kehityshankkeen onnistuminen\",\"publisher\":{\"@id\":\"https:\\\/\\\/www.graniittiservices.fi\\\/#organization\"},\"potentialAction\":[{\"@type\":\"SearchAction\",\"target\":{\"@type\":\"EntryPoint\",\"urlTemplate\":\"https:\\\/\\\/www.graniittiservices.fi\\\/?s={search_term_string}\"},\"query-input\":{\"@type\":\"PropertyValueSpecification\",\"valueRequired\":true,\"valueName\":\"search_term_string\"}}],\"inLanguage\":\"en-GB\"},{\"@type\":\"Organization\",\"@id\":\"https:\\\/\\\/www.graniittiservices.fi\\\/#organization\",\"name\":\"Graniitti Services\",\"url\":\"https:\\\/\\\/www.graniittiservices.fi\\\/\",\"logo\":{\"@type\":\"ImageObject\",\"inLanguage\":\"en-GB\",\"@id\":\"https:\\\/\\\/www.graniittiservices.fi\\\/#\\\/schema\\\/logo\\\/image\\\/\",\"url\":\"\",\"contentUrl\":\"\",\"caption\":\"Graniitti Services\"},\"image\":{\"@id\":\"https:\\\/\\\/www.graniittiservices.fi\\\/#\\\/schema\\\/logo\\\/image\\\/\"},\"sameAs\":[\"https:\\\/\\\/www.facebook.com\\\/graniittiservices\",\"https:\\\/\\\/www.linkedin.com\\\/company\\\/graniitti-services\"]}]}<\/script>\n<!-- \/ Yoast SEO plugin. -->","yoast_head_json":{"title":"Anssi Virtanen - Graniitti Services","description":"Anssi Virtanen - Hankinta-asiantuntija. Olen julkisten hankintojen ja sopimusten senioriasiantuntija, jonka tavoitteena on tuottaa...","robots":{"index":"index","follow":"follow","max-snippet":"max-snippet:-1","max-image-preview":"max-image-preview:large","max-video-preview":"max-video-preview:-1"},"canonical":"https:\/\/www.graniittiservices.fi\/en\/anssi-virtanen\/","og_locale":"en_GB","og_type":"article","og_title":"Anssi Virtanen - Graniitti Services","og_description":"Anssi Virtanen - Hankinta-asiantuntija. Olen julkisten hankintojen ja sopimusten senioriasiantuntija, jonka tavoitteena on tuottaa...","og_url":"https:\/\/www.graniittiservices.fi\/en\/anssi-virtanen\/","og_site_name":"Graniitti Services","article_publisher":"https:\/\/www.facebook.com\/graniittiservices","article_modified_time":"2025-11-11T07:00:30+00:00","og_image":[{"url":"https:\/\/www.graniittiservices.fi\/wp-content\/uploads\/2025\/11\/Virtanen_Anssi_480x711px.jpg","type":"","width":"","height":""}],"twitter_card":"summary_large_image","twitter_misc":{"Estimated reading time":"2 minutes"},"schema":{"@context":"https:\/\/schema.org","@graph":[{"@type":"WebPage","@id":"https:\/\/www.graniittiservices.fi\/anssi-virtanen\/","url":"https:\/\/www.graniittiservices.fi\/anssi-virtanen\/","name":"Anssi Virtanen - Graniitti Services","isPartOf":{"@id":"https:\/\/www.graniittiservices.fi\/#website"},"primaryImageOfPage":{"@id":"https:\/\/www.graniittiservices.fi\/anssi-virtanen\/#primaryimage"},"image":{"@id":"https:\/\/www.graniittiservices.fi\/anssi-virtanen\/#primaryimage"},"thumbnailUrl":"https:\/\/www.graniittiservices.fi\/wp-content\/uploads\/2025\/11\/Virtanen_Anssi_480x711px.jpg","datePublished":"2025-11-03T07:08:39+00:00","dateModified":"2025-11-11T07:00:30+00:00","description":"Anssi Virtanen - Hankinta-asiantuntija. Olen julkisten hankintojen ja sopimusten senioriasiantuntija, jonka tavoitteena on tuottaa...","breadcrumb":{"@id":"https:\/\/www.graniittiservices.fi\/anssi-virtanen\/#breadcrumb"},"inLanguage":"en-GB","potentialAction":[{"@type":"ReadAction","target":["https:\/\/www.graniittiservices.fi\/anssi-virtanen\/"]}]},{"@type":"ImageObject","inLanguage":"en-GB","@id":"https:\/\/www.graniittiservices.fi\/anssi-virtanen\/#primaryimage","url":"https:\/\/www.graniittiservices.fi\/wp-content\/uploads\/2025\/11\/Virtanen_Anssi_480x711px.jpg","contentUrl":"https:\/\/www.graniittiservices.fi\/wp-content\/uploads\/2025\/11\/Virtanen_Anssi_480x711px.jpg"},{"@type":"BreadcrumbList","@id":"https:\/\/www.graniittiservices.fi\/anssi-virtanen\/#breadcrumb","itemListElement":[{"@type":"ListItem","position":1,"name":"Etusivu","item":"https:\/\/www.graniittiservices.fi\/"},{"@type":"ListItem","position":2,"name":"Anssi Virtanen"}]},{"@type":"WebSite","@id":"https:\/\/www.graniittiservices.fi\/#website","url":"https:\/\/www.graniittiservices.fi\/","name":"Granite Services","description":"Ensure the success of the development project","publisher":{"@id":"https:\/\/www.graniittiservices.fi\/#organization"},"potentialAction":[{"@type":"SearchAction","target":{"@type":"EntryPoint","urlTemplate":"https:\/\/www.graniittiservices.fi\/?s={search_term_string}"},"query-input":{"@type":"PropertyValueSpecification","valueRequired":true,"valueName":"search_term_string"}}],"inLanguage":"en-GB"},{"@type":"Organization","@id":"https:\/\/www.graniittiservices.fi\/#organization","name":"Granite Services","url":"https:\/\/www.graniittiservices.fi\/","logo":{"@type":"ImageObject","inLanguage":"en-GB","@id":"https:\/\/www.graniittiservices.fi\/#\/schema\/logo\/image\/","url":"","contentUrl":"","caption":"Graniitti Services"},"image":{"@id":"https:\/\/www.graniittiservices.fi\/#\/schema\/logo\/image\/"},"sameAs":["https:\/\/www.facebook.com\/graniittiservices","https:\/\/www.linkedin.com\/company\/graniitti-services"]}]}},"_links":{"self":[{"href":"https:\/\/www.graniittiservices.fi\/en\/wp-json\/wp\/v2\/pages\/21248","targetHints":{"allow":["GET"]}}],"collection":[{"href":"https:\/\/www.graniittiservices.fi\/en\/wp-json\/wp\/v2\/pages"}],"about":[{"href":"https:\/\/www.graniittiservices.fi\/en\/wp-json\/wp\/v2\/types\/page"}],"author":[{"embeddable":true,"href":"https:\/\/www.graniittiservices.fi\/en\/wp-json\/wp\/v2\/users\/6"}],"replies":[{"embeddable":true,"href":"https:\/\/www.graniittiservices.fi\/en\/wp-json\/wp\/v2\/comments?post=21248"}],"version-history":[{"count":22,"href":"https:\/\/www.graniittiservices.fi\/en\/wp-json\/wp\/v2\/pages\/21248\/revisions"}],"predecessor-version":[{"id":21288,"href":"https:\/\/www.graniittiservices.fi\/en\/wp-json\/wp\/v2\/pages\/21248\/revisions\/21288"}],"wp:attachment":[{"href":"https:\/\/www.graniittiservices.fi\/en\/wp-json\/wp\/v2\/media?parent=21248"}],"curies":[{"name":"wp","href":"https:\/\/api.w.org\/{rel}","templated":true}]}}